{"id":950,"date":"2025-05-06T11:19:38","date_gmt":"2025-05-06T09:19:38","guid":{"rendered":"https:\/\/mobleselpla.com\/complementos\/"},"modified":"2025-05-15T14:52:29","modified_gmt":"2025-05-15T12:52:29","slug":"complementos","status":"publish","type":"page","link":"https:\/\/mobleselpla.com\/es\/complementos\/","title":{"rendered":"Complementos"},"content":{"rendered":"<section class=\"l-section wpb_row us_custom_4f9f8b4e height_auto width_full\"><div class=\"l-section-h i-cf\"><div class=\"g-cols vc_row via_grid cols_1-2 laptops-cols_inherit tablets-cols_inherit mobiles-cols_1 valign_middle type_default stacking_default\" style=\"--columns-gap:3.6rem;\"><div class=\"wpb_column vc_column_container\"><div class=\"vc_column-inner\"><div class=\"w-image has_ratio align_none\"><div class=\"w-image-h\"><div style=\"padding-bottom:100%\"><\/div><img decoding=\"async\" width=\"640\" height=\"360\" src=\"https:\/\/mobleselpla.com\/wp-content\/uploads\/2025\/05\/MAR600-002-1.jpg.jpeg\" class=\"attachment-full size-full\" alt=\"\" loading=\"lazy\" \/><\/div><\/div><\/div><\/div><div class=\"wpb_column vc_column_container us_custom_21e055b1\"><div class=\"vc_column-inner\"><div class=\"w-separator size_medium\"><\/div><nav class=\"g-breadcrumbs us_custom_4076faf9 has_text_color separator_icon align_none\" itemscope itemtype=\"http:\/\/schema.org\/BreadcrumbList\"><div class=\"g-breadcrumbs-item\" itemscope itemprop=\"itemListElement\" itemtype=\"http:\/\/schema.org\/ListItem\"><a itemprop=\"item\" href=\"https:\/\/mobleselpla.com\/es\/\"><span itemprop=\"name\">Hombre<\/span><\/a><meta itemprop=\"position\" content=\"1\"\/><\/div><div class=\"g-breadcrumbs-separator\"><i class=\"far fa-angle-right\"><\/i><\/div><div class=\"g-breadcrumbs-item\">P\u00e1ginas<\/div><\/nav><h1 class=\"w-text us_custom_4c92c30f\"><span class=\"w-text-h\"><span class=\"w-text-value\">Complementos<\/span><\/span><\/h1><div class=\"wpb_text_column us_custom_a5c88937\"><div class=\"wpb_wrapper\"><p>Detalles que marcan la diferencia y dan car\u00e1cter a tu hogar<\/p>\n<\/div><\/div><div class=\"wpb_text_column us_custom_ed9c3544\"><div class=\"wpb_wrapper\"><p>Los complementos son los que acaban de dar vida y personalidad a sus espacios. En Mobles el Pla te ofrecemos una colecci\u00f3n cuidadosamente seleccionada, pensada para completar y enriquecer cualquier rinc\u00f3n de tu casa con funcionalidad y estilo.<\/p>\n<\/div><\/div><\/div><\/div><\/div><\/div><\/section><section class=\"l-section wpb_row us_custom_4f9f8b4e height_medium\"><div class=\"l-section-h i-cf\"><div class=\"g-cols vc_row via_grid cols_1-3 laptops-cols_inherit tablets-cols_inherit mobiles-cols_1 valign_top type_default reversed stacking_default\"><div class=\"wpb_column vc_column_container type_sticky\"><div class=\"vc_column-inner\"><div class=\"w-text us_custom_d5c11d4d has_text_color\"><span class=\"w-text-h\"><span class=\"w-text-value\">PRODUCTOS<\/span><\/span><\/div><nav class=\"w-menu us_custom_b8a8081e layout_ver style_links has_text_align_on_mobiles us_menu_1\" style=\"--main-gap:1rem;--main-ver-indent:0.8em;--main-hor-indent:0.8em;--main-color:inherit;--main-active-color:var(--color-content-link);\"><ul id=\"menu-productes-spanish\" class=\"menu\"><li id=\"menu-item-1027\" class=\"menu-item menu-item-type-post_type menu-item-object-page menu-item-1027\"><a href=\"https:\/\/mobleselpla.com\/es\/dormitorios-infantiles\/\">Dormitorios Infantiles<\/a><\/li><li id=\"menu-item-1029\" class=\"menu-item menu-item-type-post_type menu-item-object-page menu-item-1029\"><a href=\"https:\/\/mobleselpla.com\/es\/dormitorios-juveniles\/\">Dormitorios Juveniles<\/a><\/li><li id=\"menu-item-1031\" class=\"menu-item menu-item-type-post_type menu-item-object-page menu-item-1031\"><a href=\"https:\/\/mobleselpla.com\/es\/dormitorios-matrimonio\/\">Dormitorios Matrimonio<\/a><\/li><li id=\"menu-item-1032\" class=\"menu-item menu-item-type-post_type menu-item-object-page menu-item-1032\"><a href=\"https:\/\/mobleselpla.com\/es\/comedores\/\">Comedores<\/a><\/li><li id=\"menu-item-1034\" class=\"menu-item menu-item-type-post_type menu-item-object-page menu-item-1034\"><a href=\"https:\/\/mobleselpla.com\/es\/estudios\/\">Estudios<\/a><\/li><li id=\"menu-item-1035\" class=\"menu-item menu-item-type-post_type menu-item-object-page menu-item-1035\"><a href=\"https:\/\/mobleselpla.com\/es\/armarios\/\">Armarios<\/a><\/li><li id=\"menu-item-1036\" class=\"menu-item menu-item-type-post_type menu-item-object-page menu-item-1036\"><a href=\"https:\/\/mobleselpla.com\/es\/sofas\/\">Sof\u00e1s<\/a><\/li><li id=\"menu-item-1037\" class=\"menu-item menu-item-type-post_type menu-item-object-page menu-item-1037\"><a href=\"https:\/\/mobleselpla.com\/es\/recibidores\/\">Recibidores<\/a><\/li><li id=\"menu-item-1038\" class=\"menu-item menu-item-type-post_type menu-item-object-page menu-item-1038\"><a href=\"https:\/\/mobleselpla.com\/es\/colchones\/\">Colchones<\/a><\/li><li id=\"menu-item-1039\" class=\"menu-item menu-item-type-post_type menu-item-object-page menu-item-1039\"><a href=\"https:\/\/mobleselpla.com\/es\/complementos\/\">Complementos<\/a><\/li><li id=\"menu-item-1040\" class=\"menu-item menu-item-type-post_type menu-item-object-page menu-item-1040\"><a href=\"https:\/\/mobleselpla.com\/es\/proyectos-en-3d\/\">Proyectos en 3D<\/a><\/li><\/ul><style>@media ( max-width:600px ){.us_menu_1 .menu{display:block!important}.us_menu_1 .menu>li{margin:0 0 var(--main-gap,1rem)!important}}<\/style><\/nav><\/div><\/div><div class=\"wpb_column vc_column_container\"><div class=\"vc_column-inner\"><div class=\"w-gallery fit_cover type_metro_1 action_popup_image ratio_1x1 count_15\" style=\"--columns:4;--items-gap:10px;\"><div class=\"w-gallery-list\"><div class=\"w-gallery-item\"><div class=\"w-gallery-item-img\"><img loading=\"lazy\" decoding=\"async\" width=\"362\" height=\"480\" src=\"https:\/\/mobleselpla.com\/wp-content\/uploads\/2025\/05\/338blanco-full-1.jpg.jpeg\" class=\"attachment-full size-full\" alt=\"\" srcset=\"https:\/\/mobleselpla.com\/wp-content\/uploads\/2025\/05\/338blanco-full-1.jpg.jpeg 362w, https:\/\/mobleselpla.com\/wp-content\/uploads\/2025\/05\/338blanco-full-1.jpg-226x300.jpeg 226w\" sizes=\"auto, (max-width: 362px) 100vw, 362px\" \/><\/div><a class=\"w-gallery-item-link\" aria-label=\"338blanco-full-1.jpg\" href=\"https:\/\/mobleselpla.com\/wp-content\/uploads\/2025\/05\/338blanco-full-1.jpg.jpeg\"><\/a><\/div><div class=\"w-gallery-item\"><div class=\"w-gallery-item-img\"><img loading=\"lazy\" decoding=\"async\" width=\"640\" height=\"360\" src=\"https:\/\/mobleselpla.com\/wp-content\/uploads\/2025\/05\/CROI-001-1.jpg.jpeg\" class=\"attachment-full size-full\" alt=\"\" srcset=\"https:\/\/mobleselpla.com\/wp-content\/uploads\/2025\/05\/CROI-001-1.jpg.jpeg 640w, https:\/\/mobleselpla.com\/wp-content\/uploads\/2025\/05\/CROI-001-1.jpg-300x169.jpeg 300w\" sizes=\"auto, (max-width: 640px) 100vw, 640px\" \/><\/div><a class=\"w-gallery-item-link\" aria-label=\"CROI-001-1.jpg\" href=\"https:\/\/mobleselpla.com\/wp-content\/uploads\/2025\/05\/CROI-001-1.jpg.jpeg\"><\/a><\/div><div class=\"w-gallery-item\"><div class=\"w-gallery-item-img\"><img loading=\"lazy\" decoding=\"async\" width=\"576\" height=\"480\" src=\"https:\/\/mobleselpla.com\/wp-content\/uploads\/2025\/05\/GAL382-full-1.jpg.jpeg\" class=\"attachment-full size-full\" alt=\"\" srcset=\"https:\/\/mobleselpla.com\/wp-content\/uploads\/2025\/05\/GAL382-full-1.jpg.jpeg 576w, https:\/\/mobleselpla.com\/wp-content\/uploads\/2025\/05\/GAL382-full-1.jpg-300x250.jpeg 300w\" sizes=\"auto, (max-width: 576px) 100vw, 576px\" \/><\/div><a class=\"w-gallery-item-link\" aria-label=\"GAL382-full-1.jpg\" href=\"https:\/\/mobleselpla.com\/wp-content\/uploads\/2025\/05\/GAL382-full-1.jpg.jpeg\"><\/a><\/div><div class=\"w-gallery-item\"><div class=\"w-gallery-item-img\"><img loading=\"lazy\" decoding=\"async\" width=\"576\" height=\"480\" src=\"https:\/\/mobleselpla.com\/wp-content\/uploads\/2025\/05\/PER470-full-1.jpg.jpeg\" class=\"attachment-full size-full\" alt=\"\" srcset=\"https:\/\/mobleselpla.com\/wp-content\/uploads\/2025\/05\/PER470-full-1.jpg.jpeg 576w, https:\/\/mobleselpla.com\/wp-content\/uploads\/2025\/05\/PER470-full-1.jpg-300x250.jpeg 300w\" sizes=\"auto, (max-width: 576px) 100vw, 576px\" \/><\/div><a class=\"w-gallery-item-link\" aria-label=\"PER470-full-1.jpg\" href=\"https:\/\/mobleselpla.com\/wp-content\/uploads\/2025\/05\/PER470-full-1.jpg.jpeg\"><\/a><\/div><div class=\"w-gallery-item\"><div class=\"w-gallery-item-img\"><img loading=\"lazy\" decoding=\"async\" width=\"640\" height=\"360\" src=\"https:\/\/mobleselpla.com\/wp-content\/uploads\/2025\/05\/TRA-001-1.jpg.jpeg\" class=\"attachment-full size-full\" alt=\"\" srcset=\"https:\/\/mobleselpla.com\/wp-content\/uploads\/2025\/05\/TRA-001-1.jpg.jpeg 640w, https:\/\/mobleselpla.com\/wp-content\/uploads\/2025\/05\/TRA-001-1.jpg-300x169.jpeg 300w\" sizes=\"auto, (max-width: 640px) 100vw, 640px\" \/><\/div><a class=\"w-gallery-item-link\" aria-label=\"TRA-001-1.jpg\" href=\"https:\/\/mobleselpla.com\/wp-content\/uploads\/2025\/05\/TRA-001-1.jpg.jpeg\"><\/a><\/div><div class=\"w-gallery-item\"><div class=\"w-gallery-item-img\"><img loading=\"lazy\" decoding=\"async\" width=\"640\" height=\"360\" src=\"https:\/\/mobleselpla.com\/wp-content\/uploads\/2025\/05\/MAR600-002-1.jpg.jpeg\" class=\"attachment-full size-full\" alt=\"\" srcset=\"https:\/\/mobleselpla.com\/wp-content\/uploads\/2025\/05\/MAR600-002-1.jpg.jpeg 640w, https:\/\/mobleselpla.com\/wp-content\/uploads\/2025\/05\/MAR600-002-1.jpg-300x169.jpeg 300w\" sizes=\"auto, (max-width: 640px) 100vw, 640px\" \/><\/div><a class=\"w-gallery-item-link\" aria-label=\"MAR600-002-1.jpg\" href=\"https:\/\/mobleselpla.com\/wp-content\/uploads\/2025\/05\/MAR600-002-1.jpg.jpeg\"><\/a><\/div><div class=\"w-gallery-item\"><div class=\"w-gallery-item-img\"><img loading=\"lazy\" decoding=\"async\" width=\"689\" height=\"688\" src=\"https:\/\/mobleselpla.com\/wp-content\/uploads\/2025\/05\/puff.jpg\" class=\"attachment-full size-full\" alt=\"\" srcset=\"https:\/\/mobleselpla.com\/wp-content\/uploads\/2025\/05\/puff.jpg 689w, https:\/\/mobleselpla.com\/wp-content\/uploads\/2025\/05\/puff-300x300.jpg 300w, https:\/\/mobleselpla.com\/wp-content\/uploads\/2025\/05\/puff-150x150.jpg 150w\" sizes=\"auto, (max-width: 689px) 100vw, 689px\" \/><\/div><a class=\"w-gallery-item-link\" aria-label=\"puff\" href=\"https:\/\/mobleselpla.com\/wp-content\/uploads\/2025\/05\/puff.jpg\"><\/a><\/div><div class=\"w-gallery-item\"><div class=\"w-gallery-item-img\"><img loading=\"lazy\" decoding=\"async\" width=\"685\" height=\"689\" src=\"https:\/\/mobleselpla.com\/wp-content\/uploads\/2025\/05\/reposapies.jpg\" class=\"attachment-full size-full\" alt=\"\" srcset=\"https:\/\/mobleselpla.com\/wp-content\/uploads\/2025\/05\/reposapies.jpg 685w, https:\/\/mobleselpla.com\/wp-content\/uploads\/2025\/05\/reposapies-298x300.jpg 298w, https:\/\/mobleselpla.com\/wp-content\/uploads\/2025\/05\/reposapies-150x150.jpg 150w\" sizes=\"auto, (max-width: 685px) 100vw, 685px\" \/><\/div><a class=\"w-gallery-item-link\" aria-label=\"reposapies\" href=\"https:\/\/mobleselpla.com\/wp-content\/uploads\/2025\/05\/reposapies.jpg\"><\/a><\/div><div class=\"w-gallery-item\"><div class=\"w-gallery-item-img\"><img loading=\"lazy\" decoding=\"async\" width=\"688\" height=\"685\" src=\"https:\/\/mobleselpla.com\/wp-content\/uploads\/2025\/05\/Screenshot_12.jpg\" class=\"attachment-full size-full\" alt=\"\" srcset=\"https:\/\/mobleselpla.com\/wp-content\/uploads\/2025\/05\/Screenshot_12.jpg 688w, https:\/\/mobleselpla.com\/wp-content\/uploads\/2025\/05\/Screenshot_12-300x300.jpg 300w, https:\/\/mobleselpla.com\/wp-content\/uploads\/2025\/05\/Screenshot_12-150x150.jpg 150w\" sizes=\"auto, (max-width: 688px) 100vw, 688px\" \/><\/div><a class=\"w-gallery-item-link\" aria-label=\"Screenshot_12\" href=\"https:\/\/mobleselpla.com\/wp-content\/uploads\/2025\/05\/Screenshot_12.jpg\"><\/a><\/div><div class=\"w-gallery-item\"><div class=\"w-gallery-item-img\"><img loading=\"lazy\" decoding=\"async\" width=\"1037\" height=\"689\" src=\"https:\/\/mobleselpla.com\/wp-content\/uploads\/2025\/05\/banqueta.jpg\" class=\"attachment-full size-full\" alt=\"\" srcset=\"https:\/\/mobleselpla.com\/wp-content\/uploads\/2025\/05\/banqueta.jpg 1037w, https:\/\/mobleselpla.com\/wp-content\/uploads\/2025\/05\/banqueta-300x199.jpg 300w, https:\/\/mobleselpla.com\/wp-content\/uploads\/2025\/05\/banqueta-1024x680.jpg 1024w\" sizes=\"auto, (max-width: 1037px) 100vw, 1037px\" \/><\/div><a class=\"w-gallery-item-link\" aria-label=\"banqueta\" href=\"https:\/\/mobleselpla.com\/wp-content\/uploads\/2025\/05\/banqueta.jpg\"><\/a><\/div><div class=\"w-gallery-item\"><div class=\"w-gallery-item-img\"><img loading=\"lazy\" decoding=\"async\" width=\"691\" height=\"684\" src=\"https:\/\/mobleselpla.com\/wp-content\/uploads\/2025\/05\/cabezal.jpg\" class=\"attachment-full size-full\" alt=\"\" srcset=\"https:\/\/mobleselpla.com\/wp-content\/uploads\/2025\/05\/cabezal.jpg 691w, https:\/\/mobleselpla.com\/wp-content\/uploads\/2025\/05\/cabezal-300x297.jpg 300w\" sizes=\"auto, (max-width: 691px) 100vw, 691px\" \/><\/div><a class=\"w-gallery-item-link\" aria-label=\"cabezal\" href=\"https:\/\/mobleselpla.com\/wp-content\/uploads\/2025\/05\/cabezal.jpg\"><\/a><\/div><div class=\"w-gallery-item\"><div class=\"w-gallery-item-img\"><img loading=\"lazy\" decoding=\"async\" width=\"686\" height=\"678\" src=\"https:\/\/mobleselpla.com\/wp-content\/uploads\/2025\/05\/consola-zapatero.jpg\" class=\"attachment-full size-full\" alt=\"\" srcset=\"https:\/\/mobleselpla.com\/wp-content\/uploads\/2025\/05\/consola-zapatero.jpg 686w, https:\/\/mobleselpla.com\/wp-content\/uploads\/2025\/05\/consola-zapatero-300x297.jpg 300w\" sizes=\"auto, (max-width: 686px) 100vw, 686px\" \/><\/div><a class=\"w-gallery-item-link\" aria-label=\"consola zapatero\" href=\"https:\/\/mobleselpla.com\/wp-content\/uploads\/2025\/05\/consola-zapatero.jpg\"><\/a><\/div><\/div><div class=\"w-gallery-loadmore\" style=\"--btn-indent:1.5em\"><button  class=\"w-btn us-btn-style_1\"><span class=\"w-btn-label\">Ver m\u00e1s fotos<\/span><\/button><div class=\"g-preloader type_1\"><div><\/div><\/div><\/div><div class=\"w-gallery-json hidden\"  onclick='return {&quot;action&quot;:&quot;us_ajax_gallery&quot;,&quot;template_vars&quot;:{&quot;ids&quot;:[758,759,760,761,762,757,1075,1077,1079,1081,1083,1085,1087,1089,1091],&quot;img_size&quot;:&quot;full&quot;,&quot;items_click_action&quot;:&quot;popup_image&quot;,&quot;items_link&quot;:&quot;{\\&quot;url\\&quot;:\\&quot;\\&quot;}&quot;,&quot;items_title&quot;:0,&quot;max_num_pages&quot;:2,&quot;quantity&quot;:&quot;12&quot;,&quot;pagination&quot;:&quot;load_on_btn&quot;}}'><\/div><\/div><\/div><\/div><\/div><\/div><\/section><section class=\"l-section wpb_row height_auto width_custom\" style=\"--site-content-width:1400px;\"><div class=\"l-section-h i-cf\"><div class=\"g-cols vc_row via_grid cols_4 laptops-cols_inherit tablets-cols_inherit mobiles-cols_1 valign_top type_default stacking_default\"><div class=\"wpb_column vc_column_container us_custom_8ff6015a\"><div class=\"vc_column-inner\"><div class=\"w-separator size_medium\"><\/div><div class=\"w-image align_center\"><div class=\"w-image-h\"><img decoding=\"async\" width=\"47\" height=\"46\" src=\"https:\/\/mobleselpla.com\/wp-content\/uploads\/2025\/05\/assessorament-personalitzat-1.jpg\" class=\"attachment-large size-large\" alt=\"\" loading=\"lazy\" \/><\/div><\/div><div class=\"w-separator size_custom\" style=\"height:5px\"><\/div><div class=\"w-text us_custom_d46f3a97\"><span class=\"w-text-h\"><span class=\"w-text-value\">Asesoramiento personalizado<\/span><\/span><\/div><div class=\"w-separator size_custom\" style=\"height:5px\"><\/div><div class=\"wpb_text_column\"><div class=\"wpb_wrapper\"><p style=\"text-align: center;\">Cada persona y cada espacio son \u00fanicos<\/p>\n<\/div><\/div><div class=\"w-separator size_medium\"><\/div><\/div><\/div><div class=\"wpb_column vc_column_container\"><div class=\"vc_column-inner\"><div class=\"w-separator size_medium\"><\/div><div class=\"w-image align_center\"><div class=\"w-image-h\"><img decoding=\"async\" width=\"46\" height=\"46\" src=\"https:\/\/mobleselpla.com\/wp-content\/uploads\/2025\/04\/projectes-mobles-pla.jpg\" class=\"attachment-large size-large\" alt=\"\" loading=\"lazy\" \/><\/div><\/div><div class=\"w-separator size_custom\" style=\"height:5px\"><\/div><div class=\"w-text us_custom_d46f3a97\"><span class=\"w-text-h\"><span class=\"w-text-value\">Proyectos en 3D<\/span><\/span><\/div><div class=\"w-separator size_custom\" style=\"height:5px\"><\/div><div class=\"wpb_text_column\"><div class=\"wpb_wrapper\"><p style=\"text-align: center;\">Modelos virtuales realistas y detallados<\/p>\n<\/div><\/div><div class=\"w-separator size_medium\"><\/div><\/div><\/div><div class=\"wpb_column vc_column_container\"><div class=\"vc_column-inner\"><div class=\"w-separator size_medium\"><\/div><div class=\"w-image align_center\"><div class=\"w-image-h\"><img decoding=\"async\" width=\"44\" height=\"44\" src=\"https:\/\/mobleselpla.com\/wp-content\/uploads\/2025\/04\/montaje-muebles.jpg\" class=\"attachment-large size-large\" alt=\"\" loading=\"lazy\" \/><\/div><\/div><div class=\"w-separator size_custom\" style=\"height:5px\"><\/div><div class=\"w-text us_custom_d46f3a97\"><span class=\"w-text-h\"><span class=\"w-text-value\">Montaje profesional<\/span><\/span><\/div><div class=\"w-separator size_custom\" style=\"height:5px\"><\/div><div class=\"wpb_text_column\"><div class=\"wpb_wrapper\"><p style=\"text-align: center;\">Nuestro equipo de montadores profesionales se encarga de la instalaci\u00f3n<\/p>\n<\/div><\/div><div class=\"w-separator size_medium\"><\/div><\/div><\/div><div class=\"wpb_column vc_column_container us_custom_abd80042\"><div class=\"vc_column-inner\"><div class=\"w-separator size_medium\"><\/div><div class=\"w-image align_center\"><div class=\"w-image-h\"><img decoding=\"async\" width=\"58\" height=\"43\" src=\"https:\/\/mobleselpla.com\/wp-content\/uploads\/2025\/05\/Mobiliari-a-mida-1.jpg\" class=\"attachment-large size-large\" alt=\"\" loading=\"lazy\" \/><\/div><\/div><div class=\"w-separator size_custom\" style=\"height:5px\"><\/div><div class=\"w-text us_custom_d46f3a97\"><span class=\"w-text-h\"><span class=\"w-text-value\">Mobiliario a medida<\/span><\/span><\/div><div class=\"w-separator size_custom\" style=\"height:5px\"><\/div><div class=\"wpb_text_column\"><div class=\"wpb_wrapper\"><p style=\"text-align: center;\">Confirmaci\u00f3n de las medidas en cada venta<\/p>\n<\/div><\/div><div class=\"w-separator size_medium\"><\/div><\/div><\/div><\/div><\/div><\/section><section class=\"l-section wpb_row us_custom_e491ad69 height_auto width_full\"><div class=\"l-section-h i-cf\"><div class=\"g-cols vc_row via_grid cols_2 laptops-cols_inherit tablets-cols_inherit mobiles-cols_1 valign_middle type_default stacking_default\"><div class=\"wpb_column vc_column_container\"><div class=\"vc_column-inner\"><div class=\"w-image has_ratio align_none\"><div class=\"w-image-h\"><div style=\"padding-bottom:100%\"><\/div><img decoding=\"async\" width=\"576\" height=\"480\" src=\"https:\/\/mobleselpla.com\/wp-content\/uploads\/2025\/05\/PER470-full-1.jpg.jpeg\" class=\"attachment-full size-full\" alt=\"\" loading=\"lazy\" \/><\/div><\/div><\/div><\/div><div class=\"wpb_column vc_column_container us_custom_ff6fbe32\"><div class=\"vc_column-inner\"><h2 class=\"w-text us_custom_fcdb5b65\"><span class=\"w-text-h\"><span class=\"w-text-value\">Ideas pr\u00e1cticas con sensibilidad decorativa<\/span><\/span><\/h2><div class=\"wpb_text_column\"><div class=\"wpb_wrapper\"><p>Ideas pr\u00e1cticas con sensibilidad decorativa<br \/>\n Encontrar\u00e1s espejos, luces, mesitas, perchas, y mucho m\u00e1s. Peque\u00f1os grandes detalles que encajan perfectamente en cualquier ambiente y te permiten personalizar tu casa seg\u00fan tu gusto y forma de vivir.<\/p>\n<\/div><\/div><\/div><\/div><\/div><\/div><\/section>\n","protected":false},"excerpt":{"rendered":"HombreP\u00e1ginasComplementosDetalles que marcan la diferencia y dan car\u00e1cter a tu hogar Los complementos son los que acaban de dar vida y personalidad a sus espacios. En Mobles el Pla te ofrecemos una colecci\u00f3n cuidadosamente seleccionada, pensada para completar y enriquecer cualquier rinc\u00f3n de tu casa con funcionalidad y estilo. PRODUCTOSDormitorios InfantilesDormitorios JuvenilesDormitorios MatrimonioComedoresEstudiosArmariosSof\u00e1sRecibidoresColchonesComplementosProyectos en 3DVer...","protected":false},"author":1,"featured_media":0,"parent":0,"menu_order":0,"comment_status":"closed","ping_status":"closed","template":"","meta":{"footnotes":""},"class_list":["post-950","page","type-page","status-publish","hentry"],"yoast_head":"<!-- This site is optimized with the Yoast SEO plugin v27.1.1 - https:\/\/yoast.com\/product\/yoast-seo-wordpress\/ -->\n<title>Complementos para el Hogar en Martorell | Detalles con Estilo<\/title>\n<meta name=\"description\" content=\"Espejos, alfombras, luces y m\u00e1s para completar tu hogar. Da personalidad a tus espacios con Muebles El Pla.\" \/>\n<meta name=\"robots\" content=\"index, follow, max-snippet:-1, max-image-preview:large, max-video-preview:-1\" \/>\n<link rel=\"canonical\" href=\"https:\/\/mobleselpla.com\/es\/complementos\/\" \/>\n<meta property=\"og:locale\" content=\"es_ES\" \/>\n<meta property=\"og:type\" content=\"article\" \/>\n<meta property=\"og:title\" content=\"Complementos para el Hogar en Martorell | Detalles con Estilo\" \/>\n<meta property=\"og:description\" content=\"Espejos, alfombras, luces y m\u00e1s para completar tu hogar. Da personalidad a tus espacios con Muebles El Pla.\" \/>\n<meta property=\"og:url\" content=\"https:\/\/mobleselpla.com\/es\/complementos\/\" \/>\n<meta property=\"og:site_name\" content=\"Mobles el Pla\" \/>\n<meta property=\"article:modified_time\" content=\"2025-05-15T12:52:29+00:00\" \/>\n<meta name=\"twitter:card\" content=\"summary_large_image\" \/>\n<meta name=\"twitter:label1\" content=\"Tiempo de lectura\" \/>\n\t<meta name=\"twitter:data1\" content=\"5 minutos\" \/>\n<script type=\"application\/ld+json\" class=\"yoast-schema-graph\">{\"@context\":\"https:\/\/schema.org\",\"@graph\":[{\"@type\":\"WebPage\",\"@id\":\"https:\/\/mobleselpla.com\/es\/complementos\/\",\"url\":\"https:\/\/mobleselpla.com\/es\/complementos\/\",\"name\":\"Complementos para el Hogar en Martorell | Detalles con Estilo\",\"isPartOf\":{\"@id\":\"https:\/\/mobleselpla.com\/es\/#website\"},\"datePublished\":\"2025-05-06T09:19:38+00:00\",\"dateModified\":\"2025-05-15T12:52:29+00:00\",\"description\":\"Espejos, alfombras, luces y m\u00e1s para completar tu hogar. Da personalidad a tus espacios con Muebles El Pla.\",\"breadcrumb\":{\"@id\":\"https:\/\/mobleselpla.com\/es\/complementos\/#breadcrumb\"},\"inLanguage\":\"es\",\"potentialAction\":[{\"@type\":\"ReadAction\",\"target\":[\"https:\/\/mobleselpla.com\/es\/complementos\/\"]}]},{\"@type\":\"BreadcrumbList\",\"@id\":\"https:\/\/mobleselpla.com\/es\/complementos\/#breadcrumb\",\"itemListElement\":[{\"@type\":\"ListItem\",\"position\":1,\"name\":\"Portada\",\"item\":\"https:\/\/mobleselpla.com\/es\/\"},{\"@type\":\"ListItem\",\"position\":2,\"name\":\"Complementos\"}]},{\"@type\":\"WebSite\",\"@id\":\"https:\/\/mobleselpla.com\/es\/#website\",\"url\":\"https:\/\/mobleselpla.com\/es\/\",\"name\":\"Mobles el Pla\",\"description\":\"\",\"potentialAction\":[{\"@type\":\"SearchAction\",\"target\":{\"@type\":\"EntryPoint\",\"urlTemplate\":\"https:\/\/mobleselpla.com\/es\/?s={search_term_string}\"},\"query-input\":{\"@type\":\"PropertyValueSpecification\",\"valueRequired\":true,\"valueName\":\"search_term_string\"}}],\"inLanguage\":\"es\"}]}<\/script>\n<!-- \/ Yoast SEO plugin. -->","yoast_head_json":{"title":"Complementos para el Hogar en Martorell | Detalles con Estilo","description":"Espejos, alfombras, luces y m\u00e1s para completar tu hogar. Da personalidad a tus espacios con Muebles El Pla.","robots":{"index":"index","follow":"follow","max-snippet":"max-snippet:-1","max-image-preview":"max-image-preview:large","max-video-preview":"max-video-preview:-1"},"canonical":"https:\/\/mobleselpla.com\/es\/complementos\/","og_locale":"es_ES","og_type":"article","og_title":"Complementos para el Hogar en Martorell | Detalles con Estilo","og_description":"Espejos, alfombras, luces y m\u00e1s para completar tu hogar. Da personalidad a tus espacios con Muebles El Pla.","og_url":"https:\/\/mobleselpla.com\/es\/complementos\/","og_site_name":"Mobles el Pla","article_modified_time":"2025-05-15T12:52:29+00:00","twitter_card":"summary_large_image","twitter_misc":{"Tiempo de lectura":"5 minutos"},"schema":{"@context":"https:\/\/schema.org","@graph":[{"@type":"WebPage","@id":"https:\/\/mobleselpla.com\/es\/complementos\/","url":"https:\/\/mobleselpla.com\/es\/complementos\/","name":"Complementos para el Hogar en Martorell | Detalles con Estilo","isPartOf":{"@id":"https:\/\/mobleselpla.com\/es\/#website"},"datePublished":"2025-05-06T09:19:38+00:00","dateModified":"2025-05-15T12:52:29+00:00","description":"Espejos, alfombras, luces y m\u00e1s para completar tu hogar. Da personalidad a tus espacios con Muebles El Pla.","breadcrumb":{"@id":"https:\/\/mobleselpla.com\/es\/complementos\/#breadcrumb"},"inLanguage":"es","potentialAction":[{"@type":"ReadAction","target":["https:\/\/mobleselpla.com\/es\/complementos\/"]}]},{"@type":"BreadcrumbList","@id":"https:\/\/mobleselpla.com\/es\/complementos\/#breadcrumb","itemListElement":[{"@type":"ListItem","position":1,"name":"Portada","item":"https:\/\/mobleselpla.com\/es\/"},{"@type":"ListItem","position":2,"name":"Complementos"}]},{"@type":"WebSite","@id":"https:\/\/mobleselpla.com\/es\/#website","url":"https:\/\/mobleselpla.com\/es\/","name":"Mobles el Pla","description":"","potentialAction":[{"@type":"SearchAction","target":{"@type":"EntryPoint","urlTemplate":"https:\/\/mobleselpla.com\/es\/?s={search_term_string}"},"query-input":{"@type":"PropertyValueSpecification","valueRequired":true,"valueName":"search_term_string"}}],"inLanguage":"es"}]}},"_links":{"self":[{"href":"https:\/\/mobleselpla.com\/es\/wp-json\/wp\/v2\/pages\/950","targetHints":{"allow":["GET"]}}],"collection":[{"href":"https:\/\/mobleselpla.com\/es\/wp-json\/wp\/v2\/pages"}],"about":[{"href":"https:\/\/mobleselpla.com\/es\/wp-json\/wp\/v2\/types\/page"}],"author":[{"embeddable":true,"href":"https:\/\/mobleselpla.com\/es\/wp-json\/wp\/v2\/users\/1"}],"replies":[{"embeddable":true,"href":"https:\/\/mobleselpla.com\/es\/wp-json\/wp\/v2\/comments?post=950"}],"version-history":[{"count":4,"href":"https:\/\/mobleselpla.com\/es\/wp-json\/wp\/v2\/pages\/950\/revisions"}],"predecessor-version":[{"id":1094,"href":"https:\/\/mobleselpla.com\/es\/wp-json\/wp\/v2\/pages\/950\/revisions\/1094"}],"wp:attachment":[{"href":"https:\/\/mobleselpla.com\/es\/wp-json\/wp\/v2\/media?parent=950"}],"curies":[{"name":"wp","href":"https:\/\/api.w.org\/{rel}","templated":true}]}}