{"id":978,"date":"2025-05-06T11:18:06","date_gmt":"2025-05-06T09:18:06","guid":{"rendered":"https:\/\/mobleselpla.com\/sofas\/"},"modified":"2025-05-21T08:26:21","modified_gmt":"2025-05-21T06:26:21","slug":"sofas","status":"publish","type":"page","link":"https:\/\/mobleselpla.com\/es\/sofas\/","title":{"rendered":"Sof\u00e1s"},"content":{"rendered":"<section class=\"l-section wpb_row us_custom_4f9f8b4e height_auto width_full\"><div class=\"l-section-h i-cf\"><div class=\"g-cols vc_row via_grid cols_1-2 laptops-cols_inherit tablets-cols_inherit mobiles-cols_1 valign_middle type_default stacking_default\" style=\"--columns-gap:3.6rem;\"><div class=\"wpb_column vc_column_container\"><div class=\"vc_column-inner\"><div class=\"w-image has_ratio align_none\"><div class=\"w-image-h\"><div style=\"padding-bottom:100%\"><\/div><img decoding=\"async\" width=\"640\" height=\"388\" src=\"https:\/\/mobleselpla.com\/wp-content\/uploads\/2025\/05\/SofC3A1_Nativa-8.jpg.jpeg\" class=\"attachment-large size-large\" alt=\"\" loading=\"lazy\" \/><\/div><\/div><\/div><\/div><div class=\"wpb_column vc_column_container us_custom_21e055b1\"><div class=\"vc_column-inner\"><div class=\"w-separator size_medium\"><\/div><nav class=\"g-breadcrumbs us_custom_4076faf9 has_text_color separator_icon align_none\" itemscope itemtype=\"http:\/\/schema.org\/BreadcrumbList\"><div class=\"g-breadcrumbs-item\" itemscope itemprop=\"itemListElement\" itemtype=\"http:\/\/schema.org\/ListItem\"><a itemprop=\"item\" href=\"https:\/\/mobleselpla.com\/es\/\"><span itemprop=\"name\">Hombre<\/span><\/a><meta itemprop=\"position\" content=\"1\"\/><\/div><div class=\"g-breadcrumbs-separator\"><i class=\"far fa-angle-right\"><\/i><\/div><div class=\"g-breadcrumbs-item\">P\u00e1ginas<\/div><\/nav><h1 class=\"w-text us_custom_4c92c30f\"><span class=\"w-text-h\"><span class=\"w-text-value\">Sof\u00e1s<\/span><\/span><\/h1><div class=\"wpb_text_column us_custom_a5c88937\"><div class=\"wpb_wrapper\"><p>Comodidad y estilo para relajarte y disfrutar de cada momento<\/p>\n<\/div><\/div><div class=\"wpb_text_column us_custom_a3c22be0\"><div class=\"wpb_wrapper\"><p>El sof\u00e1 es el centro de reuniones, descanso y desconexi\u00f3n en el comedor. Es una de las piezas m\u00e1s importantes del hogar, por lo que ofrecemos una amplia variedad de modelos que combinan confort, funcionalidad y dise\u00f1o. Tanto si buscas un espacio para relajarte solo como para compartir con tu familia, tenemos el sof\u00e1 ideal para ti.<\/p>\n<\/div><\/div><\/div><\/div><\/div><\/div><\/section><section class=\"l-section wpb_row us_custom_4f9f8b4e height_medium\"><div class=\"l-section-h i-cf\"><div class=\"g-cols vc_row via_grid cols_1-3 laptops-cols_inherit tablets-cols_inherit mobiles-cols_1 valign_top type_default reversed stacking_default\"><div class=\"wpb_column vc_column_container type_sticky\"><div class=\"vc_column-inner\"><div class=\"w-text us_custom_d5c11d4d has_text_color\"><span class=\"w-text-h\"><span class=\"w-text-value\">PRODUCTOS<\/span><\/span><\/div><nav class=\"w-menu us_custom_b8a8081e layout_ver style_links has_text_align_on_mobiles us_menu_1\" style=\"--main-gap:1rem;--main-ver-indent:0.8em;--main-hor-indent:0.8em;--main-color:inherit;--main-active-color:var(--color-content-link);\"><ul id=\"menu-productes-spanish\" class=\"menu\"><li id=\"menu-item-1027\" class=\"menu-item menu-item-type-post_type menu-item-object-page menu-item-1027\"><a href=\"https:\/\/mobleselpla.com\/es\/dormitorios-infantiles\/\">Dormitorios Infantiles<\/a><\/li><li id=\"menu-item-1029\" class=\"menu-item menu-item-type-post_type menu-item-object-page menu-item-1029\"><a href=\"https:\/\/mobleselpla.com\/es\/dormitorios-juveniles\/\">Dormitorios Juveniles<\/a><\/li><li id=\"menu-item-1031\" class=\"menu-item menu-item-type-post_type menu-item-object-page menu-item-1031\"><a href=\"https:\/\/mobleselpla.com\/es\/dormitorios-matrimonio\/\">Dormitorios Matrimonio<\/a><\/li><li id=\"menu-item-1032\" class=\"menu-item menu-item-type-post_type menu-item-object-page menu-item-1032\"><a href=\"https:\/\/mobleselpla.com\/es\/comedores\/\">Comedores<\/a><\/li><li id=\"menu-item-1034\" class=\"menu-item menu-item-type-post_type menu-item-object-page menu-item-1034\"><a href=\"https:\/\/mobleselpla.com\/es\/estudios\/\">Estudios<\/a><\/li><li id=\"menu-item-1035\" class=\"menu-item menu-item-type-post_type menu-item-object-page menu-item-1035\"><a href=\"https:\/\/mobleselpla.com\/es\/armarios\/\">Armarios<\/a><\/li><li id=\"menu-item-1036\" class=\"menu-item menu-item-type-post_type menu-item-object-page menu-item-1036\"><a href=\"https:\/\/mobleselpla.com\/es\/sofas\/\">Sof\u00e1s<\/a><\/li><li id=\"menu-item-1037\" class=\"menu-item menu-item-type-post_type menu-item-object-page menu-item-1037\"><a href=\"https:\/\/mobleselpla.com\/es\/recibidores\/\">Recibidores<\/a><\/li><li id=\"menu-item-1038\" class=\"menu-item menu-item-type-post_type menu-item-object-page menu-item-1038\"><a href=\"https:\/\/mobleselpla.com\/es\/colchones\/\">Colchones<\/a><\/li><li id=\"menu-item-1039\" class=\"menu-item menu-item-type-post_type menu-item-object-page menu-item-1039\"><a href=\"https:\/\/mobleselpla.com\/es\/complementos\/\">Complementos<\/a><\/li><li id=\"menu-item-1040\" class=\"menu-item menu-item-type-post_type menu-item-object-page menu-item-1040\"><a href=\"https:\/\/mobleselpla.com\/es\/proyectos-en-3d\/\">Proyectos en 3D<\/a><\/li><\/ul><style>@media ( max-width:600px ){.us_menu_1 .menu{display:block!important}.us_menu_1 .menu>li{margin:0 0 var(--main-gap,1rem)!important}}<\/style><\/nav><\/div><\/div><div class=\"wpb_column vc_column_container\"><div class=\"vc_column-inner\"><div class=\"w-gallery fit_cover type_metro_1 action_popup_image ratio_1x1 count_21\" style=\"--columns:4;--items-gap:10px;\"><div class=\"w-gallery-list\"><div class=\"w-gallery-item\"><div class=\"w-gallery-item-img\"><img loading=\"lazy\" decoding=\"async\" width=\"640\" height=\"388\" src=\"https:\/\/mobleselpla.com\/wp-content\/uploads\/2025\/05\/SofC3A1_Nativa-8.jpg.jpeg\" class=\"attachment-full size-full\" alt=\"\" srcset=\"https:\/\/mobleselpla.com\/wp-content\/uploads\/2025\/05\/SofC3A1_Nativa-8.jpg.jpeg 640w, https:\/\/mobleselpla.com\/wp-content\/uploads\/2025\/05\/SofC3A1_Nativa-8.jpg-300x182.jpeg 300w\" sizes=\"auto, (max-width: 640px) 100vw, 640px\" \/><\/div><a class=\"w-gallery-item-link\" aria-label=\"Sof_Nativa-8.jpg\" href=\"https:\/\/mobleselpla.com\/wp-content\/uploads\/2025\/05\/SofC3A1_Nativa-8.jpg.jpeg\"><\/a><\/div><div class=\"w-gallery-item\"><div class=\"w-gallery-item-img\"><img loading=\"lazy\" decoding=\"async\" width=\"640\" height=\"306\" src=\"https:\/\/mobleselpla.com\/wp-content\/uploads\/2025\/05\/SofC3A1_Nativa-3.jpg.jpeg\" class=\"attachment-full size-full\" alt=\"\" srcset=\"https:\/\/mobleselpla.com\/wp-content\/uploads\/2025\/05\/SofC3A1_Nativa-3.jpg.jpeg 640w, https:\/\/mobleselpla.com\/wp-content\/uploads\/2025\/05\/SofC3A1_Nativa-3.jpg-300x143.jpeg 300w\" sizes=\"auto, (max-width: 640px) 100vw, 640px\" \/><\/div><a class=\"w-gallery-item-link\" aria-label=\"Sof_Nativa-3.jpg\" href=\"https:\/\/mobleselpla.com\/wp-content\/uploads\/2025\/05\/SofC3A1_Nativa-3.jpg.jpeg\"><\/a><\/div><div class=\"w-gallery-item\"><div class=\"w-gallery-item-img\"><img loading=\"lazy\" decoding=\"async\" width=\"640\" height=\"388\" src=\"https:\/\/mobleselpla.com\/wp-content\/uploads\/2025\/05\/SofC3A1_motorizado_Mustang-4.jpg.jpeg\" class=\"attachment-full size-full\" alt=\"\" srcset=\"https:\/\/mobleselpla.com\/wp-content\/uploads\/2025\/05\/SofC3A1_motorizado_Mustang-4.jpg.jpeg 640w, https:\/\/mobleselpla.com\/wp-content\/uploads\/2025\/05\/SofC3A1_motorizado_Mustang-4.jpg-300x182.jpeg 300w\" sizes=\"auto, (max-width: 640px) 100vw, 640px\" \/><\/div><a class=\"w-gallery-item-link\" aria-label=\"Sof_motorizado_Mustang-4.jpg\" href=\"https:\/\/mobleselpla.com\/wp-content\/uploads\/2025\/05\/SofC3A1_motorizado_Mustang-4.jpg.jpeg\"><\/a><\/div><div class=\"w-gallery-item\"><div class=\"w-gallery-item-img\"><img loading=\"lazy\" decoding=\"async\" width=\"640\" height=\"426\" src=\"https:\/\/mobleselpla.com\/wp-content\/uploads\/2025\/05\/Kira3.jpg.jpeg\" class=\"attachment-full size-full\" alt=\"\" srcset=\"https:\/\/mobleselpla.com\/wp-content\/uploads\/2025\/05\/Kira3.jpg.jpeg 640w, https:\/\/mobleselpla.com\/wp-content\/uploads\/2025\/05\/Kira3.jpg-300x200.jpeg 300w\" sizes=\"auto, (max-width: 640px) 100vw, 640px\" \/><\/div><a class=\"w-gallery-item-link\" aria-label=\"Kira3.jpg\" href=\"https:\/\/mobleselpla.com\/wp-content\/uploads\/2025\/05\/Kira3.jpg.jpeg\"><\/a><\/div><div class=\"w-gallery-item\"><div class=\"w-gallery-item-img\"><img loading=\"lazy\" decoding=\"async\" width=\"640\" height=\"426\" src=\"https:\/\/mobleselpla.com\/wp-content\/uploads\/2025\/05\/Kira1.jpg.jpeg\" class=\"attachment-full size-full\" alt=\"\" srcset=\"https:\/\/mobleselpla.com\/wp-content\/uploads\/2025\/05\/Kira1.jpg.jpeg 640w, https:\/\/mobleselpla.com\/wp-content\/uploads\/2025\/05\/Kira1.jpg-300x200.jpeg 300w\" sizes=\"auto, (max-width: 640px) 100vw, 640px\" \/><\/div><a class=\"w-gallery-item-link\" aria-label=\"Kira1.jpg\" href=\"https:\/\/mobleselpla.com\/wp-content\/uploads\/2025\/05\/Kira1.jpg.jpeg\"><\/a><\/div><div class=\"w-gallery-item\"><div class=\"w-gallery-item-img\"><img loading=\"lazy\" decoding=\"async\" width=\"640\" height=\"426\" src=\"https:\/\/mobleselpla.com\/wp-content\/uploads\/2025\/05\/Katar6.jpg.jpeg\" class=\"attachment-full size-full\" alt=\"\" srcset=\"https:\/\/mobleselpla.com\/wp-content\/uploads\/2025\/05\/Katar6.jpg.jpeg 640w, https:\/\/mobleselpla.com\/wp-content\/uploads\/2025\/05\/Katar6.jpg-300x200.jpeg 300w\" sizes=\"auto, (max-width: 640px) 100vw, 640px\" \/><\/div><a class=\"w-gallery-item-link\" aria-label=\"Katar6.jpg\" href=\"https:\/\/mobleselpla.com\/wp-content\/uploads\/2025\/05\/Katar6.jpg.jpeg\"><\/a><\/div><div class=\"w-gallery-item\"><div class=\"w-gallery-item-img\"><img loading=\"lazy\" decoding=\"async\" width=\"640\" height=\"426\" src=\"https:\/\/mobleselpla.com\/wp-content\/uploads\/2025\/05\/Katar2.jpg.jpeg\" class=\"attachment-full size-full\" alt=\"\" srcset=\"https:\/\/mobleselpla.com\/wp-content\/uploads\/2025\/05\/Katar2.jpg.jpeg 640w, https:\/\/mobleselpla.com\/wp-content\/uploads\/2025\/05\/Katar2.jpg-300x200.jpeg 300w\" sizes=\"auto, (max-width: 640px) 100vw, 640px\" \/><\/div><a class=\"w-gallery-item-link\" aria-label=\"Katar2.jpg\" href=\"https:\/\/mobleselpla.com\/wp-content\/uploads\/2025\/05\/Katar2.jpg.jpeg\"><\/a><\/div><div class=\"w-gallery-item\"><div class=\"w-gallery-item-img\"><img loading=\"lazy\" decoding=\"async\" width=\"640\" height=\"373\" src=\"https:\/\/mobleselpla.com\/wp-content\/uploads\/2025\/05\/blus.jpg.jpeg\" class=\"attachment-full size-full\" alt=\"\" srcset=\"https:\/\/mobleselpla.com\/wp-content\/uploads\/2025\/05\/blus.jpg.jpeg 640w, https:\/\/mobleselpla.com\/wp-content\/uploads\/2025\/05\/blus.jpg-300x175.jpeg 300w\" sizes=\"auto, (max-width: 640px) 100vw, 640px\" \/><\/div><a class=\"w-gallery-item-link\" aria-label=\"blus.jpg\" href=\"https:\/\/mobleselpla.com\/wp-content\/uploads\/2025\/05\/blus.jpg.jpeg\"><\/a><\/div><div class=\"w-gallery-item\"><div class=\"w-gallery-item-img\"><img loading=\"lazy\" decoding=\"async\" width=\"640\" height=\"373\" src=\"https:\/\/mobleselpla.com\/wp-content\/uploads\/2025\/05\/Ash.jpg.jpeg\" class=\"attachment-full size-full\" alt=\"\" srcset=\"https:\/\/mobleselpla.com\/wp-content\/uploads\/2025\/05\/Ash.jpg.jpeg 640w, https:\/\/mobleselpla.com\/wp-content\/uploads\/2025\/05\/Ash.jpg-300x175.jpeg 300w\" sizes=\"auto, (max-width: 640px) 100vw, 640px\" \/><\/div><a class=\"w-gallery-item-link\" aria-label=\"Ash.jpg\" href=\"https:\/\/mobleselpla.com\/wp-content\/uploads\/2025\/05\/Ash.jpg.jpeg\"><\/a><\/div><div class=\"w-gallery-item\"><div class=\"w-gallery-item-img\"><img loading=\"lazy\" decoding=\"async\" width=\"1400\" height=\"900\" src=\"https:\/\/mobleselpla.com\/wp-content\/uploads\/2025\/05\/sofa-relax-con-chaiselongue-teruel-de-pedro-ortiz.jpg\" class=\"attachment-full size-full\" alt=\"\" srcset=\"https:\/\/mobleselpla.com\/wp-content\/uploads\/2025\/05\/sofa-relax-con-chaiselongue-teruel-de-pedro-ortiz.jpg 1400w, https:\/\/mobleselpla.com\/wp-content\/uploads\/2025\/05\/sofa-relax-con-chaiselongue-teruel-de-pedro-ortiz-300x193.jpg 300w, https:\/\/mobleselpla.com\/wp-content\/uploads\/2025\/05\/sofa-relax-con-chaiselongue-teruel-de-pedro-ortiz-1024x658.jpg 1024w\" sizes=\"auto, (max-width: 1400px) 100vw, 1400px\" \/><\/div><a class=\"w-gallery-item-link\" aria-label=\"sofa-relax-con-chaiselongue-teruel-de-pedro-ortiz\" href=\"https:\/\/mobleselpla.com\/wp-content\/uploads\/2025\/05\/sofa-relax-con-chaiselongue-teruel-de-pedro-ortiz.jpg\"><\/a><\/div><div class=\"w-gallery-item\"><div class=\"w-gallery-item-img\"><img loading=\"lazy\" decoding=\"async\" width=\"850\" height=\"595\" src=\"https:\/\/mobleselpla.com\/wp-content\/uploads\/2025\/05\/cinthia-pedro-ortiz.jpg\" class=\"attachment-full size-full\" alt=\"\" srcset=\"https:\/\/mobleselpla.com\/wp-content\/uploads\/2025\/05\/cinthia-pedro-ortiz.jpg 850w, https:\/\/mobleselpla.com\/wp-content\/uploads\/2025\/05\/cinthia-pedro-ortiz-300x210.jpg 300w\" sizes=\"auto, (max-width: 850px) 100vw, 850px\" \/><\/div><a class=\"w-gallery-item-link\" aria-label=\"cinthia-pedro-ortiz\" href=\"https:\/\/mobleselpla.com\/wp-content\/uploads\/2025\/05\/cinthia-pedro-ortiz.jpg\"><\/a><\/div><div class=\"w-gallery-item\"><div class=\"w-gallery-item-img\"><img loading=\"lazy\" decoding=\"async\" width=\"964\" height=\"800\" src=\"https:\/\/mobleselpla.com\/wp-content\/uploads\/2025\/05\/Sillon_relax_Diverso-12.jpg\" class=\"attachment-full size-full\" alt=\"\" srcset=\"https:\/\/mobleselpla.com\/wp-content\/uploads\/2025\/05\/Sillon_relax_Diverso-12.jpg 964w, https:\/\/mobleselpla.com\/wp-content\/uploads\/2025\/05\/Sillon_relax_Diverso-12-300x249.jpg 300w\" sizes=\"auto, (max-width: 964px) 100vw, 964px\" \/><\/div><a class=\"w-gallery-item-link\" aria-label=\"Sillon_relax_Diverso-12\" href=\"https:\/\/mobleselpla.com\/wp-content\/uploads\/2025\/05\/Sillon_relax_Diverso-12.jpg\"><\/a><\/div><\/div><div class=\"w-gallery-loadmore\" style=\"--btn-indent:1.5em\"><button  class=\"w-btn us-btn-style_1\"><span class=\"w-btn-label\">Ver m\u00e1s fotos<\/span><\/button><div class=\"g-preloader type_1\"><div><\/div><\/div><\/div><div class=\"w-gallery-json hidden\"  onclick='return {&quot;action&quot;:&quot;us_ajax_gallery&quot;,&quot;template_vars&quot;:{&quot;ids&quot;:[814,812,811,809,808,807,806,805,804,907,908,909,910,911,912,913,914,915,916,917,918],&quot;img_size&quot;:&quot;full&quot;,&quot;items_click_action&quot;:&quot;popup_image&quot;,&quot;items_link&quot;:&quot;{\\&quot;url\\&quot;:\\&quot;\\&quot;}&quot;,&quot;items_title&quot;:0,&quot;max_num_pages&quot;:2,&quot;quantity&quot;:&quot;12&quot;,&quot;pagination&quot;:&quot;load_on_btn&quot;}}'><\/div><\/div><\/div><\/div><\/div><\/div><\/section><section class=\"l-section wpb_row height_auto width_custom\" style=\"--site-content-width:1400px;\"><div class=\"l-section-h i-cf\"><div class=\"g-cols vc_row via_grid cols_4 laptops-cols_inherit tablets-cols_inherit mobiles-cols_1 valign_top type_default stacking_default\"><div class=\"wpb_column vc_column_container us_custom_8ff6015a\"><div class=\"vc_column-inner\"><div class=\"w-separator size_medium\"><\/div><div class=\"w-image align_center\"><div class=\"w-image-h\"><img decoding=\"async\" width=\"47\" height=\"46\" src=\"https:\/\/mobleselpla.com\/wp-content\/uploads\/2025\/05\/assessorament-personalitzat-1.jpg\" class=\"attachment-large size-large\" alt=\"\" loading=\"lazy\" \/><\/div><\/div><div class=\"w-separator size_custom\" style=\"height:5px\"><\/div><div class=\"w-text us_custom_d46f3a97\"><span class=\"w-text-h\"><span class=\"w-text-value\">Asesoramiento personalizado<\/span><\/span><\/div><div class=\"w-separator size_custom\" style=\"height:5px\"><\/div><div class=\"wpb_text_column\"><div class=\"wpb_wrapper\"><p style=\"text-align: center;\">Cada persona y cada espacio son \u00fanicos<\/p>\n<\/div><\/div><div class=\"w-separator size_medium\"><\/div><\/div><\/div><div class=\"wpb_column vc_column_container\"><div class=\"vc_column-inner\"><div class=\"w-separator size_medium\"><\/div><div class=\"w-image align_center\"><div class=\"w-image-h\"><img decoding=\"async\" width=\"46\" height=\"46\" src=\"https:\/\/mobleselpla.com\/wp-content\/uploads\/2025\/04\/projectes-mobles-pla.jpg\" class=\"attachment-large size-large\" alt=\"\" loading=\"lazy\" \/><\/div><\/div><div class=\"w-separator size_custom\" style=\"height:5px\"><\/div><div class=\"w-text us_custom_d46f3a97\"><span class=\"w-text-h\"><span class=\"w-text-value\">Proyectos en 3D<\/span><\/span><\/div><div class=\"w-separator size_custom\" style=\"height:5px\"><\/div><div class=\"wpb_text_column\"><div class=\"wpb_wrapper\"><p style=\"text-align: center;\">Modelos virtuales realistas y detallados<\/p>\n<\/div><\/div><div class=\"w-separator size_medium\"><\/div><\/div><\/div><div class=\"wpb_column vc_column_container\"><div class=\"vc_column-inner\"><div class=\"w-separator size_medium\"><\/div><div class=\"w-image align_center\"><div class=\"w-image-h\"><img decoding=\"async\" width=\"44\" height=\"44\" src=\"https:\/\/mobleselpla.com\/wp-content\/uploads\/2025\/04\/montaje-muebles.jpg\" class=\"attachment-large size-large\" alt=\"\" loading=\"lazy\" \/><\/div><\/div><div class=\"w-separator size_custom\" style=\"height:5px\"><\/div><div class=\"w-text us_custom_d46f3a97\"><span class=\"w-text-h\"><span class=\"w-text-value\">Montaje profesional<\/span><\/span><\/div><div class=\"w-separator size_custom\" style=\"height:5px\"><\/div><div class=\"wpb_text_column\"><div class=\"wpb_wrapper\"><p style=\"text-align: center;\">Nuestro equipo de montadores profesionales se encarga de la instalaci\u00f3n<\/p>\n<\/div><\/div><div class=\"w-separator size_medium\"><\/div><\/div><\/div><div class=\"wpb_column vc_column_container us_custom_abd80042\"><div class=\"vc_column-inner\"><div class=\"w-separator size_medium\"><\/div><div class=\"w-image align_center\"><div class=\"w-image-h\"><img decoding=\"async\" width=\"58\" height=\"43\" src=\"https:\/\/mobleselpla.com\/wp-content\/uploads\/2025\/05\/Mobiliari-a-mida-1.jpg\" class=\"attachment-large size-large\" alt=\"\" loading=\"lazy\" \/><\/div><\/div><div class=\"w-separator size_custom\" style=\"height:5px\"><\/div><div class=\"w-text us_custom_d46f3a97\"><span class=\"w-text-h\"><span class=\"w-text-value\">Mobiliario a medida<\/span><\/span><\/div><div class=\"w-separator size_custom\" style=\"height:5px\"><\/div><div class=\"wpb_text_column\"><div class=\"wpb_wrapper\"><p style=\"text-align: center;\">Confirmaci\u00f3n de las medidas en cada venta<\/p>\n<\/div><\/div><div class=\"w-separator size_medium\"><\/div><\/div><\/div><\/div><\/div><\/section><section class=\"l-section wpb_row us_custom_e491ad69 height_auto width_full\"><div class=\"l-section-h i-cf\"><div class=\"g-cols vc_row via_grid cols_2 laptops-cols_inherit tablets-cols_inherit mobiles-cols_1 valign_middle type_default stacking_default\"><div class=\"wpb_column vc_column_container\"><div class=\"vc_column-inner\"><div class=\"w-image has_ratio align_none\"><div class=\"w-image-h\"><div style=\"padding-bottom:100%\"><\/div><img decoding=\"async\" width=\"640\" height=\"426\" src=\"https:\/\/mobleselpla.com\/wp-content\/uploads\/2025\/05\/Katar6.jpg.jpeg\" class=\"attachment-large size-large\" alt=\"\" loading=\"lazy\" \/><\/div><\/div><\/div><\/div><div class=\"wpb_column vc_column_container us_custom_ff6fbe32\"><div class=\"vc_column-inner\"><h2 class=\"w-text us_custom_fcdb5b65\"><span class=\"w-text-h\"><span class=\"w-text-value\">Dise\u00f1ado para adaptarse a tu ritmo de vida<\/span><\/span><\/h2><div class=\"wpb_text_column\"><div class=\"wpb_wrapper\"><p>El sof\u00e1 es uno de los muebles m\u00e1s importantes del hogar. Es donde descansamos, compartimos momentos y nos relajamos. En <strong>Mobles el Pla<\/strong>, en <strong>Martorell<\/strong>, te ofrecemos una amplia gama de <strong>sof\u00e1s<\/strong> que combinan dise\u00f1o, confort y funcionalidad.<\/p>\n<p>Contamos con <strong>sof\u00e1s fijos, chaise-longues, sof\u00e1s cama y sillones relax<\/strong>, disponibles en diferentes medidas, tapizados y estilos. Trabajamos con marcas de calidad y tambi\u00e9n fabricamos <strong>sof\u00e1s a medida<\/strong>, pensados para adaptarse a tu espacio y forma de vivir.<\/p>\n<p>Te asesoramos para que elijas el sof\u00e1 perfecto para tu sal\u00f3n, con montaje incluido y atenci\u00f3n personalizada desde Martorell.<\/p>\n<\/div><\/div><\/div><\/div><\/div><\/div><\/section>\n","protected":false},"excerpt":{"rendered":"HombreP\u00e1ginasSof\u00e1sComodidad y estilo para relajarte y disfrutar de cada momento El sof\u00e1 es el centro de reuniones, descanso y desconexi\u00f3n en el comedor. Es una de las piezas m\u00e1s importantes del hogar, por lo que ofrecemos una amplia variedad de modelos que combinan confort, funcionalidad y dise\u00f1o. Tanto si buscas un espacio para relajarte solo...","protected":false},"author":1,"featured_media":0,"parent":0,"menu_order":0,"comment_status":"closed","ping_status":"closed","template":"","meta":{"footnotes":""},"class_list":["post-978","page","type-page","status-publish","hentry"],"yoast_head":"<!-- This site is optimized with the Yoast SEO plugin v27.1.1 - https:\/\/yoast.com\/product\/yoast-seo-wordpress\/ -->\n<title>Sof\u00e1s en Martorell | Confort y Estilo para Tu Sal\u00f3n \u00b7 Muebles El Pla<\/title>\n<meta name=\"description\" content=\"Gran variedad de sof\u00e1s, chaise-longues y sillones relax. Ven a Muebles El Pla y encuentra el confort que mereces en tu comedor.\" \/>\n<meta name=\"robots\" content=\"index, follow, max-snippet:-1, max-image-preview:large, max-video-preview:-1\" \/>\n<link rel=\"canonical\" href=\"https:\/\/mobleselpla.com\/es\/sofas\/\" \/>\n<meta property=\"og:locale\" content=\"es_ES\" \/>\n<meta property=\"og:type\" content=\"article\" \/>\n<meta property=\"og:title\" content=\"Sof\u00e1s en Martorell | Confort y Estilo para Tu Sal\u00f3n \u00b7 Muebles El Pla\" \/>\n<meta property=\"og:description\" content=\"Gran variedad de sof\u00e1s, chaise-longues y sillones relax. Ven a Muebles El Pla y encuentra el confort que mereces en tu comedor.\" \/>\n<meta property=\"og:url\" content=\"https:\/\/mobleselpla.com\/es\/sofas\/\" \/>\n<meta property=\"og:site_name\" content=\"Mobles el Pla\" \/>\n<meta property=\"article:modified_time\" content=\"2025-05-21T06:26:21+00:00\" \/>\n<meta name=\"twitter:card\" content=\"summary_large_image\" \/>\n<meta name=\"twitter:label1\" content=\"Tiempo de lectura\" \/>\n\t<meta name=\"twitter:data1\" content=\"2 minutos\" \/>\n<script type=\"application\/ld+json\" class=\"yoast-schema-graph\">{\"@context\":\"https:\/\/schema.org\",\"@graph\":[{\"@type\":\"WebPage\",\"@id\":\"https:\/\/mobleselpla.com\/es\/sofas\/\",\"url\":\"https:\/\/mobleselpla.com\/es\/sofas\/\",\"name\":\"Sof\u00e1s en Martorell | Confort y Estilo para Tu Sal\u00f3n \u00b7 Muebles El Pla\",\"isPartOf\":{\"@id\":\"https:\/\/mobleselpla.com\/es\/#website\"},\"datePublished\":\"2025-05-06T09:18:06+00:00\",\"dateModified\":\"2025-05-21T06:26:21+00:00\",\"description\":\"Gran variedad de sof\u00e1s, chaise-longues y sillones relax. Ven a Muebles El Pla y encuentra el confort que mereces en tu comedor.\",\"breadcrumb\":{\"@id\":\"https:\/\/mobleselpla.com\/es\/sofas\/#breadcrumb\"},\"inLanguage\":\"es\",\"potentialAction\":[{\"@type\":\"ReadAction\",\"target\":[\"https:\/\/mobleselpla.com\/es\/sofas\/\"]}]},{\"@type\":\"BreadcrumbList\",\"@id\":\"https:\/\/mobleselpla.com\/es\/sofas\/#breadcrumb\",\"itemListElement\":[{\"@type\":\"ListItem\",\"position\":1,\"name\":\"Portada\",\"item\":\"https:\/\/mobleselpla.com\/es\/\"},{\"@type\":\"ListItem\",\"position\":2,\"name\":\"Sof\u00e1s\"}]},{\"@type\":\"WebSite\",\"@id\":\"https:\/\/mobleselpla.com\/es\/#website\",\"url\":\"https:\/\/mobleselpla.com\/es\/\",\"name\":\"Mobles el Pla\",\"description\":\"\",\"potentialAction\":[{\"@type\":\"SearchAction\",\"target\":{\"@type\":\"EntryPoint\",\"urlTemplate\":\"https:\/\/mobleselpla.com\/es\/?s={search_term_string}\"},\"query-input\":{\"@type\":\"PropertyValueSpecification\",\"valueRequired\":true,\"valueName\":\"search_term_string\"}}],\"inLanguage\":\"es\"}]}<\/script>\n<!-- \/ Yoast SEO plugin. -->","yoast_head_json":{"title":"Sof\u00e1s en Martorell | Confort y Estilo para Tu Sal\u00f3n \u00b7 Muebles El Pla","description":"Gran variedad de sof\u00e1s, chaise-longues y sillones relax. Ven a Muebles El Pla y encuentra el confort que mereces en tu comedor.","robots":{"index":"index","follow":"follow","max-snippet":"max-snippet:-1","max-image-preview":"max-image-preview:large","max-video-preview":"max-video-preview:-1"},"canonical":"https:\/\/mobleselpla.com\/es\/sofas\/","og_locale":"es_ES","og_type":"article","og_title":"Sof\u00e1s en Martorell | Confort y Estilo para Tu Sal\u00f3n \u00b7 Muebles El Pla","og_description":"Gran variedad de sof\u00e1s, chaise-longues y sillones relax. Ven a Muebles El Pla y encuentra el confort que mereces en tu comedor.","og_url":"https:\/\/mobleselpla.com\/es\/sofas\/","og_site_name":"Mobles el Pla","article_modified_time":"2025-05-21T06:26:21+00:00","twitter_card":"summary_large_image","twitter_misc":{"Tiempo de lectura":"2 minutos"},"schema":{"@context":"https:\/\/schema.org","@graph":[{"@type":"WebPage","@id":"https:\/\/mobleselpla.com\/es\/sofas\/","url":"https:\/\/mobleselpla.com\/es\/sofas\/","name":"Sof\u00e1s en Martorell | Confort y Estilo para Tu Sal\u00f3n \u00b7 Muebles El Pla","isPartOf":{"@id":"https:\/\/mobleselpla.com\/es\/#website"},"datePublished":"2025-05-06T09:18:06+00:00","dateModified":"2025-05-21T06:26:21+00:00","description":"Gran variedad de sof\u00e1s, chaise-longues y sillones relax. Ven a Muebles El Pla y encuentra el confort que mereces en tu comedor.","breadcrumb":{"@id":"https:\/\/mobleselpla.com\/es\/sofas\/#breadcrumb"},"inLanguage":"es","potentialAction":[{"@type":"ReadAction","target":["https:\/\/mobleselpla.com\/es\/sofas\/"]}]},{"@type":"BreadcrumbList","@id":"https:\/\/mobleselpla.com\/es\/sofas\/#breadcrumb","itemListElement":[{"@type":"ListItem","position":1,"name":"Portada","item":"https:\/\/mobleselpla.com\/es\/"},{"@type":"ListItem","position":2,"name":"Sof\u00e1s"}]},{"@type":"WebSite","@id":"https:\/\/mobleselpla.com\/es\/#website","url":"https:\/\/mobleselpla.com\/es\/","name":"Mobles el Pla","description":"","potentialAction":[{"@type":"SearchAction","target":{"@type":"EntryPoint","urlTemplate":"https:\/\/mobleselpla.com\/es\/?s={search_term_string}"},"query-input":{"@type":"PropertyValueSpecification","valueRequired":true,"valueName":"search_term_string"}}],"inLanguage":"es"}]}},"_links":{"self":[{"href":"https:\/\/mobleselpla.com\/es\/wp-json\/wp\/v2\/pages\/978","targetHints":{"allow":["GET"]}}],"collection":[{"href":"https:\/\/mobleselpla.com\/es\/wp-json\/wp\/v2\/pages"}],"about":[{"href":"https:\/\/mobleselpla.com\/es\/wp-json\/wp\/v2\/types\/page"}],"author":[{"embeddable":true,"href":"https:\/\/mobleselpla.com\/es\/wp-json\/wp\/v2\/users\/1"}],"replies":[{"embeddable":true,"href":"https:\/\/mobleselpla.com\/es\/wp-json\/wp\/v2\/comments?post=978"}],"version-history":[{"count":2,"href":"https:\/\/mobleselpla.com\/es\/wp-json\/wp\/v2\/pages\/978\/revisions"}],"predecessor-version":[{"id":1161,"href":"https:\/\/mobleselpla.com\/es\/wp-json\/wp\/v2\/pages\/978\/revisions\/1161"}],"wp:attachment":[{"href":"https:\/\/mobleselpla.com\/es\/wp-json\/wp\/v2\/media?parent=978"}],"curies":[{"name":"wp","href":"https:\/\/api.w.org\/{rel}","templated":true}]}}