{"id":987,"date":"2025-05-06T11:18:37","date_gmt":"2025-05-06T09:18:37","guid":{"rendered":"https:\/\/mobleselpla.com\/armarios\/"},"modified":"2025-05-21T08:29:41","modified_gmt":"2025-05-21T06:29:41","slug":"armarios","status":"publish","type":"page","link":"https:\/\/mobleselpla.com\/es\/armarios\/","title":{"rendered":"Armarios"},"content":{"rendered":"<section class=\"l-section wpb_row us_custom_4f9f8b4e height_auto width_full\"><div class=\"l-section-h i-cf\"><div class=\"g-cols vc_row via_grid cols_1-2 laptops-cols_inherit tablets-cols_inherit mobiles-cols_1 valign_middle type_default stacking_default\" style=\"--columns-gap:3.6rem;\"><div class=\"wpb_column vc_column_container\"><div class=\"vc_column-inner\"><div class=\"w-image has_ratio align_none\"><div class=\"w-image-h\"><div style=\"padding-bottom:100%\"><\/div><img decoding=\"async\" width=\"1024\" height=\"603\" src=\"https:\/\/mobleselpla.com\/wp-content\/uploads\/2025\/05\/16-1024x603.jpg.jpeg\" class=\"attachment-large size-large\" alt=\"\" loading=\"lazy\" \/><\/div><\/div><\/div><\/div><div class=\"wpb_column vc_column_container us_custom_21e055b1\"><div class=\"vc_column-inner\"><div class=\"w-separator size_medium\"><\/div><nav class=\"g-breadcrumbs us_custom_4076faf9 has_text_color separator_icon align_none\" itemscope itemtype=\"http:\/\/schema.org\/BreadcrumbList\"><div class=\"g-breadcrumbs-item\" itemscope itemprop=\"itemListElement\" itemtype=\"http:\/\/schema.org\/ListItem\"><a itemprop=\"item\" href=\"https:\/\/mobleselpla.com\/es\/\"><span itemprop=\"name\">Hombre<\/span><\/a><meta itemprop=\"position\" content=\"1\"\/><\/div><div class=\"g-breadcrumbs-separator\"><i class=\"far fa-angle-right\"><\/i><\/div><div class=\"g-breadcrumbs-item\">P\u00e1ginas<\/div><\/nav><h1 class=\"w-text us_custom_4c92c30f\"><span class=\"w-text-h\"><span class=\"w-text-value\">Armarios<\/span><\/span><\/h1><div class=\"wpb_text_column us_custom_a5c88937\"><div class=\"wpb_wrapper\"><p><span style=\"font-weight: 400;\">Orden, personalidad y espacios aprovechados <strong>al m\u00e1ximo<\/strong><\/span><\/p>\n<\/div><\/div><div class=\"wpb_text_column us_custom_a3c22be0\"><div class=\"wpb_wrapper\"><p>Los armarios son esenciales para mantener el orden y aportar estilo a cualquier habitaci\u00f3n. En Mobles el Pla te ofrecemos soluciones totalmente personalizadas: desde armarios vestuarios abiertos hasta modelos con puertas batientes o correderas, con m\u00faltiples opciones de configuraci\u00f3n y acabados.<\/p>\n<\/div><\/div><\/div><\/div><\/div><\/div><\/section><section class=\"l-section wpb_row us_custom_4f9f8b4e height_medium\"><div class=\"l-section-h i-cf\"><div class=\"g-cols vc_row via_grid cols_1-3 laptops-cols_inherit tablets-cols_inherit mobiles-cols_1 valign_top type_default reversed stacking_default\"><div class=\"wpb_column vc_column_container type_sticky\"><div class=\"vc_column-inner\"><div class=\"w-text us_custom_d5c11d4d has_text_color\"><span class=\"w-text-h\"><span class=\"w-text-value\">PRODUCTOS<\/span><\/span><\/div><nav class=\"w-menu us_custom_b8a8081e layout_ver style_links has_text_align_on_mobiles us_menu_1\" style=\"--main-gap:1rem;--main-ver-indent:0.8em;--main-hor-indent:0.8em;--main-color:inherit;--main-active-color:var(--color-content-link);\"><ul id=\"menu-productes-spanish\" class=\"menu\"><li id=\"menu-item-1027\" class=\"menu-item menu-item-type-post_type menu-item-object-page menu-item-1027\"><a href=\"https:\/\/mobleselpla.com\/es\/dormitorios-infantiles\/\">Dormitorios Infantiles<\/a><\/li><li id=\"menu-item-1029\" class=\"menu-item menu-item-type-post_type menu-item-object-page menu-item-1029\"><a href=\"https:\/\/mobleselpla.com\/es\/dormitorios-juveniles\/\">Dormitorios Juveniles<\/a><\/li><li id=\"menu-item-1031\" class=\"menu-item menu-item-type-post_type menu-item-object-page menu-item-1031\"><a href=\"https:\/\/mobleselpla.com\/es\/dormitorios-matrimonio\/\">Dormitorios Matrimonio<\/a><\/li><li id=\"menu-item-1032\" class=\"menu-item menu-item-type-post_type menu-item-object-page menu-item-1032\"><a href=\"https:\/\/mobleselpla.com\/es\/comedores\/\">Comedores<\/a><\/li><li id=\"menu-item-1034\" class=\"menu-item menu-item-type-post_type menu-item-object-page menu-item-1034\"><a href=\"https:\/\/mobleselpla.com\/es\/estudios\/\">Estudios<\/a><\/li><li id=\"menu-item-1035\" class=\"menu-item menu-item-type-post_type menu-item-object-page menu-item-1035\"><a href=\"https:\/\/mobleselpla.com\/es\/armarios\/\">Armarios<\/a><\/li><li id=\"menu-item-1036\" class=\"menu-item menu-item-type-post_type menu-item-object-page menu-item-1036\"><a href=\"https:\/\/mobleselpla.com\/es\/sofas\/\">Sof\u00e1s<\/a><\/li><li id=\"menu-item-1037\" class=\"menu-item menu-item-type-post_type menu-item-object-page menu-item-1037\"><a href=\"https:\/\/mobleselpla.com\/es\/recibidores\/\">Recibidores<\/a><\/li><li id=\"menu-item-1038\" class=\"menu-item menu-item-type-post_type menu-item-object-page menu-item-1038\"><a href=\"https:\/\/mobleselpla.com\/es\/colchones\/\">Colchones<\/a><\/li><li id=\"menu-item-1039\" class=\"menu-item menu-item-type-post_type menu-item-object-page menu-item-1039\"><a href=\"https:\/\/mobleselpla.com\/es\/complementos\/\">Complementos<\/a><\/li><li id=\"menu-item-1040\" class=\"menu-item menu-item-type-post_type menu-item-object-page menu-item-1040\"><a href=\"https:\/\/mobleselpla.com\/es\/proyectos-en-3d\/\">Proyectos en 3D<\/a><\/li><\/ul><style>@media ( max-width:600px ){.us_menu_1 .menu{display:block!important}.us_menu_1 .menu>li{margin:0 0 var(--main-gap,1rem)!important}}<\/style><\/nav><\/div><\/div><div class=\"wpb_column vc_column_container\"><div class=\"vc_column-inner\"><div class=\"w-gallery fit_cover type_metro_1 action_popup_image ratio_1x1 count_16\" style=\"--columns:4;--items-gap:10px;\"><div class=\"w-gallery-list\"><div class=\"w-gallery-item\"><div class=\"w-gallery-item-img\"><img loading=\"lazy\" decoding=\"async\" width=\"1024\" height=\"512\" src=\"https:\/\/mobleselpla.com\/wp-content\/uploads\/2025\/05\/1-1024x512.jpg.jpeg\" class=\"attachment-full size-full\" alt=\"\" srcset=\"https:\/\/mobleselpla.com\/wp-content\/uploads\/2025\/05\/1-1024x512.jpg.jpeg 1024w, https:\/\/mobleselpla.com\/wp-content\/uploads\/2025\/05\/1-1024x512.jpg-300x150.jpeg 300w\" sizes=\"auto, (max-width: 1024px) 100vw, 1024px\" \/><\/div><a class=\"w-gallery-item-link\" aria-label=\"1-1024x512.jpg\" href=\"https:\/\/mobleselpla.com\/wp-content\/uploads\/2025\/05\/1-1024x512.jpg.jpeg\"><\/a><\/div><div class=\"w-gallery-item\"><div class=\"w-gallery-item-img\"><img loading=\"lazy\" decoding=\"async\" width=\"871\" height=\"1024\" src=\"https:\/\/mobleselpla.com\/wp-content\/uploads\/2025\/05\/2-871x1024.jpg.jpeg\" class=\"attachment-full size-full\" alt=\"\" srcset=\"https:\/\/mobleselpla.com\/wp-content\/uploads\/2025\/05\/2-871x1024.jpg.jpeg 871w, https:\/\/mobleselpla.com\/wp-content\/uploads\/2025\/05\/2-871x1024.jpg-255x300.jpeg 255w\" sizes=\"auto, (max-width: 871px) 100vw, 871px\" \/><\/div><a class=\"w-gallery-item-link\" aria-label=\"2-871x1024.jpg\" href=\"https:\/\/mobleselpla.com\/wp-content\/uploads\/2025\/05\/2-871x1024.jpg.jpeg\"><\/a><\/div><div class=\"w-gallery-item\"><div class=\"w-gallery-item-img\"><img loading=\"lazy\" decoding=\"async\" width=\"1024\" height=\"825\" src=\"https:\/\/mobleselpla.com\/wp-content\/uploads\/2025\/05\/3-1024x825.jpg.jpeg\" class=\"attachment-full size-full\" alt=\"\" srcset=\"https:\/\/mobleselpla.com\/wp-content\/uploads\/2025\/05\/3-1024x825.jpg.jpeg 1024w, https:\/\/mobleselpla.com\/wp-content\/uploads\/2025\/05\/3-1024x825.jpg-300x242.jpeg 300w\" sizes=\"auto, (max-width: 1024px) 100vw, 1024px\" \/><\/div><a class=\"w-gallery-item-link\" aria-label=\"3-1024x825.jpg\" href=\"https:\/\/mobleselpla.com\/wp-content\/uploads\/2025\/05\/3-1024x825.jpg.jpeg\"><\/a><\/div><div class=\"w-gallery-item\"><div class=\"w-gallery-item-img\"><img loading=\"lazy\" decoding=\"async\" width=\"1024\" height=\"825\" src=\"https:\/\/mobleselpla.com\/wp-content\/uploads\/2025\/05\/4-1024x825.jpg.jpeg\" class=\"attachment-full size-full\" alt=\"\" srcset=\"https:\/\/mobleselpla.com\/wp-content\/uploads\/2025\/05\/4-1024x825.jpg.jpeg 1024w, https:\/\/mobleselpla.com\/wp-content\/uploads\/2025\/05\/4-1024x825.jpg-300x242.jpeg 300w\" sizes=\"auto, (max-width: 1024px) 100vw, 1024px\" \/><\/div><a class=\"w-gallery-item-link\" aria-label=\"4-1024x825.jpg\" href=\"https:\/\/mobleselpla.com\/wp-content\/uploads\/2025\/05\/4-1024x825.jpg.jpeg\"><\/a><\/div><div class=\"w-gallery-item\"><div class=\"w-gallery-item-img\"><img loading=\"lazy\" decoding=\"async\" width=\"1024\" height=\"826\" src=\"https:\/\/mobleselpla.com\/wp-content\/uploads\/2025\/05\/5-1024x826.jpg.jpeg\" class=\"attachment-full size-full\" alt=\"\" srcset=\"https:\/\/mobleselpla.com\/wp-content\/uploads\/2025\/05\/5-1024x826.jpg.jpeg 1024w, https:\/\/mobleselpla.com\/wp-content\/uploads\/2025\/05\/5-1024x826.jpg-300x242.jpeg 300w\" sizes=\"auto, (max-width: 1024px) 100vw, 1024px\" \/><\/div><a class=\"w-gallery-item-link\" aria-label=\"5-1024x826.jpg\" href=\"https:\/\/mobleselpla.com\/wp-content\/uploads\/2025\/05\/5-1024x826.jpg.jpeg\"><\/a><\/div><div class=\"w-gallery-item\"><div class=\"w-gallery-item-img\"><img loading=\"lazy\" decoding=\"async\" width=\"1024\" height=\"825\" src=\"https:\/\/mobleselpla.com\/wp-content\/uploads\/2025\/05\/6-1024x825.jpg.jpeg\" class=\"attachment-full size-full\" alt=\"\" srcset=\"https:\/\/mobleselpla.com\/wp-content\/uploads\/2025\/05\/6-1024x825.jpg.jpeg 1024w, https:\/\/mobleselpla.com\/wp-content\/uploads\/2025\/05\/6-1024x825.jpg-300x242.jpeg 300w\" sizes=\"auto, (max-width: 1024px) 100vw, 1024px\" \/><\/div><a class=\"w-gallery-item-link\" aria-label=\"6-1024x825.jpg\" href=\"https:\/\/mobleselpla.com\/wp-content\/uploads\/2025\/05\/6-1024x825.jpg.jpeg\"><\/a><\/div><div class=\"w-gallery-item\"><div class=\"w-gallery-item-img\"><img loading=\"lazy\" decoding=\"async\" width=\"1024\" height=\"682\" src=\"https:\/\/mobleselpla.com\/wp-content\/uploads\/2025\/05\/7-1024x682.jpg.jpeg\" class=\"attachment-full size-full\" alt=\"\" srcset=\"https:\/\/mobleselpla.com\/wp-content\/uploads\/2025\/05\/7-1024x682.jpg.jpeg 1024w, https:\/\/mobleselpla.com\/wp-content\/uploads\/2025\/05\/7-1024x682.jpg-300x200.jpeg 300w\" sizes=\"auto, (max-width: 1024px) 100vw, 1024px\" \/><\/div><a class=\"w-gallery-item-link\" aria-label=\"7-1024x682.jpg\" href=\"https:\/\/mobleselpla.com\/wp-content\/uploads\/2025\/05\/7-1024x682.jpg.jpeg\"><\/a><\/div><div class=\"w-gallery-item\"><div class=\"w-gallery-item-img\"><img loading=\"lazy\" decoding=\"async\" width=\"1024\" height=\"825\" src=\"https:\/\/mobleselpla.com\/wp-content\/uploads\/2025\/05\/8-1024x825.jpg.jpeg\" class=\"attachment-full size-full\" alt=\"\" srcset=\"https:\/\/mobleselpla.com\/wp-content\/uploads\/2025\/05\/8-1024x825.jpg.jpeg 1024w, https:\/\/mobleselpla.com\/wp-content\/uploads\/2025\/05\/8-1024x825.jpg-300x242.jpeg 300w\" sizes=\"auto, (max-width: 1024px) 100vw, 1024px\" \/><\/div><a class=\"w-gallery-item-link\" aria-label=\"8-1024x825.jpg\" href=\"https:\/\/mobleselpla.com\/wp-content\/uploads\/2025\/05\/8-1024x825.jpg.jpeg\"><\/a><\/div><div class=\"w-gallery-item\"><div class=\"w-gallery-item-img\"><img loading=\"lazy\" decoding=\"async\" width=\"1024\" height=\"412\" src=\"https:\/\/mobleselpla.com\/wp-content\/uploads\/2025\/05\/9-1024x412.jpg.jpeg\" class=\"attachment-full size-full\" alt=\"\" srcset=\"https:\/\/mobleselpla.com\/wp-content\/uploads\/2025\/05\/9-1024x412.jpg.jpeg 1024w, https:\/\/mobleselpla.com\/wp-content\/uploads\/2025\/05\/9-1024x412.jpg-300x121.jpeg 300w\" sizes=\"auto, (max-width: 1024px) 100vw, 1024px\" \/><\/div><a class=\"w-gallery-item-link\" aria-label=\"Muebles JJP\" href=\"https:\/\/mobleselpla.com\/wp-content\/uploads\/2025\/05\/9-1024x412.jpg.jpeg\"><\/a><\/div><div class=\"w-gallery-item\"><div class=\"w-gallery-item-img\"><img loading=\"lazy\" decoding=\"async\" width=\"651\" height=\"373\" src=\"https:\/\/mobleselpla.com\/wp-content\/uploads\/2025\/05\/10.jpg.jpeg\" class=\"attachment-full size-full\" alt=\"\" srcset=\"https:\/\/mobleselpla.com\/wp-content\/uploads\/2025\/05\/10.jpg.jpeg 651w, https:\/\/mobleselpla.com\/wp-content\/uploads\/2025\/05\/10.jpg-300x172.jpeg 300w\" sizes=\"auto, (max-width: 651px) 100vw, 651px\" \/><\/div><a class=\"w-gallery-item-link\" aria-label=\"10.jpg\" href=\"https:\/\/mobleselpla.com\/wp-content\/uploads\/2025\/05\/10.jpg.jpeg\"><\/a><\/div><div class=\"w-gallery-item\"><div class=\"w-gallery-item-img\"><img loading=\"lazy\" decoding=\"async\" width=\"651\" height=\"397\" src=\"https:\/\/mobleselpla.com\/wp-content\/uploads\/2025\/05\/11.jpg.jpeg\" class=\"attachment-full size-full\" alt=\"\" srcset=\"https:\/\/mobleselpla.com\/wp-content\/uploads\/2025\/05\/11.jpg.jpeg 651w, https:\/\/mobleselpla.com\/wp-content\/uploads\/2025\/05\/11.jpg-300x183.jpeg 300w\" sizes=\"auto, (max-width: 651px) 100vw, 651px\" \/><\/div><a class=\"w-gallery-item-link\" aria-label=\"11.jpg\" href=\"https:\/\/mobleselpla.com\/wp-content\/uploads\/2025\/05\/11.jpg.jpeg\"><\/a><\/div><div class=\"w-gallery-item\"><div class=\"w-gallery-item-img\"><img loading=\"lazy\" decoding=\"async\" width=\"1024\" height=\"825\" src=\"https:\/\/mobleselpla.com\/wp-content\/uploads\/2025\/05\/12-1024x825.jpg.jpeg\" class=\"attachment-full size-full\" alt=\"\" srcset=\"https:\/\/mobleselpla.com\/wp-content\/uploads\/2025\/05\/12-1024x825.jpg.jpeg 1024w, https:\/\/mobleselpla.com\/wp-content\/uploads\/2025\/05\/12-1024x825.jpg-300x242.jpeg 300w\" sizes=\"auto, (max-width: 1024px) 100vw, 1024px\" \/><\/div><a class=\"w-gallery-item-link\" aria-label=\"12-1024x825.jpg\" href=\"https:\/\/mobleselpla.com\/wp-content\/uploads\/2025\/05\/12-1024x825.jpg.jpeg\"><\/a><\/div><\/div><div class=\"w-gallery-loadmore\" style=\"--btn-indent:1.5em\"><button  class=\"w-btn us-btn-style_1\"><span class=\"w-btn-label\">Ver m\u00e1s fotos<\/span><\/button><div class=\"g-preloader type_1\"><div><\/div><\/div><\/div><div class=\"w-gallery-json hidden\"  onclick='return {&quot;action&quot;:&quot;us_ajax_gallery&quot;,&quot;template_vars&quot;:{&quot;ids&quot;:[741,742,743,744,745,746,747,748,749,750,751,752,753,754,755,756],&quot;img_size&quot;:&quot;full&quot;,&quot;items_click_action&quot;:&quot;popup_image&quot;,&quot;items_link&quot;:&quot;{\\&quot;url\\&quot;:\\&quot;\\&quot;}&quot;,&quot;items_title&quot;:0,&quot;max_num_pages&quot;:2,&quot;quantity&quot;:&quot;12&quot;,&quot;pagination&quot;:&quot;load_on_btn&quot;}}'><\/div><\/div><\/div><\/div><\/div><\/div><\/section><section class=\"l-section wpb_row height_auto width_custom\" style=\"--site-content-width:1400px;\"><div class=\"l-section-h i-cf\"><div class=\"g-cols vc_row via_grid cols_4 laptops-cols_inherit tablets-cols_inherit mobiles-cols_1 valign_top type_default stacking_default\"><div class=\"wpb_column vc_column_container us_custom_8ff6015a\"><div class=\"vc_column-inner\"><div class=\"w-separator size_medium\"><\/div><div class=\"w-image align_center\"><div class=\"w-image-h\"><img decoding=\"async\" width=\"47\" height=\"46\" src=\"https:\/\/mobleselpla.com\/wp-content\/uploads\/2025\/05\/assessorament-personalitzat-1.jpg\" class=\"attachment-large size-large\" alt=\"\" loading=\"lazy\" \/><\/div><\/div><div class=\"w-separator size_custom\" style=\"height:5px\"><\/div><div class=\"w-text us_custom_d46f3a97\"><span class=\"w-text-h\"><span class=\"w-text-value\">Asesoramiento personalizado<\/span><\/span><\/div><div class=\"w-separator size_custom\" style=\"height:5px\"><\/div><div class=\"wpb_text_column\"><div class=\"wpb_wrapper\"><p style=\"text-align: center;\">Cada persona y cada espacio son \u00fanicos<\/p>\n<\/div><\/div><div class=\"w-separator size_medium\"><\/div><\/div><\/div><div class=\"wpb_column vc_column_container\"><div class=\"vc_column-inner\"><div class=\"w-separator size_medium\"><\/div><div class=\"w-image align_center\"><div class=\"w-image-h\"><img decoding=\"async\" width=\"46\" height=\"46\" src=\"https:\/\/mobleselpla.com\/wp-content\/uploads\/2025\/04\/projectes-mobles-pla.jpg\" class=\"attachment-large size-large\" alt=\"\" loading=\"lazy\" \/><\/div><\/div><div class=\"w-separator size_custom\" style=\"height:5px\"><\/div><div class=\"w-text us_custom_d46f3a97\"><span class=\"w-text-h\"><span class=\"w-text-value\">Proyectos en 3D<\/span><\/span><\/div><div class=\"w-separator size_custom\" style=\"height:5px\"><\/div><div class=\"wpb_text_column\"><div class=\"wpb_wrapper\"><p style=\"text-align: center;\">Modelos virtuales realistas y detallados<\/p>\n<\/div><\/div><div class=\"w-separator size_medium\"><\/div><\/div><\/div><div class=\"wpb_column vc_column_container\"><div class=\"vc_column-inner\"><div class=\"w-separator size_medium\"><\/div><div class=\"w-image align_center\"><div class=\"w-image-h\"><img decoding=\"async\" width=\"44\" height=\"44\" src=\"https:\/\/mobleselpla.com\/wp-content\/uploads\/2025\/04\/montaje-muebles.jpg\" class=\"attachment-large size-large\" alt=\"\" loading=\"lazy\" \/><\/div><\/div><div class=\"w-separator size_custom\" style=\"height:5px\"><\/div><div class=\"w-text us_custom_d46f3a97\"><span class=\"w-text-h\"><span class=\"w-text-value\">Montaje profesional<\/span><\/span><\/div><div class=\"w-separator size_custom\" style=\"height:5px\"><\/div><div class=\"wpb_text_column\"><div class=\"wpb_wrapper\"><p style=\"text-align: center;\">Nuestro equipo de montadores profesionales se encarga de la instalaci\u00f3n<\/p>\n<\/div><\/div><div class=\"w-separator size_medium\"><\/div><\/div><\/div><div class=\"wpb_column vc_column_container us_custom_abd80042\"><div class=\"vc_column-inner\"><div class=\"w-separator size_medium\"><\/div><div class=\"w-image align_center\"><div class=\"w-image-h\"><img decoding=\"async\" width=\"58\" height=\"43\" src=\"https:\/\/mobleselpla.com\/wp-content\/uploads\/2025\/05\/Mobiliari-a-mida-1.jpg\" class=\"attachment-large size-large\" alt=\"\" loading=\"lazy\" \/><\/div><\/div><div class=\"w-separator size_custom\" style=\"height:5px\"><\/div><div class=\"w-text us_custom_d46f3a97\"><span class=\"w-text-h\"><span class=\"w-text-value\">Mobiliario a medida<\/span><\/span><\/div><div class=\"w-separator size_custom\" style=\"height:5px\"><\/div><div class=\"wpb_text_column\"><div class=\"wpb_wrapper\"><p style=\"text-align: center;\">Confirmaci\u00f3n de las medidas en cada venta<\/p>\n<\/div><\/div><div class=\"w-separator size_medium\"><\/div><\/div><\/div><\/div><\/div><\/section><section class=\"l-section wpb_row us_custom_e491ad69 height_auto width_full\"><div class=\"l-section-h i-cf\"><div class=\"g-cols vc_row via_grid cols_2 laptops-cols_inherit tablets-cols_inherit mobiles-cols_1 valign_middle type_default stacking_default\"><div class=\"wpb_column vc_column_container\"><div class=\"vc_column-inner\"><div class=\"w-image has_ratio align_none\"><div class=\"w-image-h\"><div style=\"padding-bottom:100%\"><\/div><img decoding=\"async\" width=\"1024\" height=\"825\" src=\"https:\/\/mobleselpla.com\/wp-content\/uploads\/2025\/05\/3-1024x825.jpg.jpeg\" class=\"attachment-large size-large\" alt=\"\" loading=\"lazy\" \/><\/div><\/div><\/div><\/div><div class=\"wpb_column vc_column_container us_custom_ff6fbe32\"><div class=\"vc_column-inner\"><h2 class=\"w-text us_custom_fcdb5b65\"><span class=\"w-text-h\"><span class=\"w-text-value\">Soluciones a medida para cada espacio y estilo de vida<\/span><\/span><\/h2><div class=\"wpb_text_column\"><div class=\"wpb_wrapper\"><p>En <strong>Mobles el Pla<\/strong>, en <strong>Martorell<\/strong>, dise\u00f1amos <strong>armarios y vestidores a medida<\/strong> para mantener tu hogar organizado sin renunciar al estilo. Porque cada espacio es \u00fanico, ofrecemos soluciones personalizadas que se adaptan a tus necesidades.<\/p>\n<p>Contamos con <strong>armarios con puertas correderas, batientes o tipo vestidor abierto<\/strong>, con interiores totalmente configurables: cajones, barras para colgar, estantes, zapateros y mucho m\u00e1s. Todo con una amplia gama de acabados, colores y medidas.<\/p>\n<p>Ya sea para dormitorios, entradas o habitaciones juveniles, te ayudamos a aprovechar cada rinc\u00f3n con armarios funcionales y elegantes, hechos a medida y con asesoramiento desde nuestra tienda en Martorell.<\/p>\n<\/div><\/div><\/div><\/div><\/div><\/div><\/section>\n","protected":false},"excerpt":{"rendered":"HombreP\u00e1ginasArmariosOrden, personalidad y espacios aprovechados al m\u00e1ximo Los armarios son esenciales para mantener el orden y aportar estilo a cualquier habitaci\u00f3n. En Mobles el Pla te ofrecemos soluciones totalmente personalizadas: desde armarios vestuarios abiertos hasta modelos con puertas batientes o correderas, con m\u00faltiples opciones de configuraci\u00f3n y acabados. PRODUCTOSDormitorios InfantilesDormitorios JuvenilesDormitorios MatrimonioComedoresEstudiosArmariosSof\u00e1sRecibidoresColchonesComplementosProyectos en 3DVer m\u00e1s...","protected":false},"author":1,"featured_media":0,"parent":0,"menu_order":0,"comment_status":"closed","ping_status":"closed","template":"","meta":{"footnotes":""},"class_list":["post-987","page","type-page","status-publish","hentry"],"yoast_head":"<!-- This site is optimized with the Yoast SEO plugin v27.1.1 - https:\/\/yoast.com\/product\/yoast-seo-wordpress\/ -->\n<title>Armarios a Medida en Martorell | Puerta Batiente, Corredera o Vestidor<\/title>\n<meta name=\"description\" content=\"Encuentra el armario perfecto para tu espacio. Soluciones modulares, interiores a medida y dise\u00f1os funcionales en Muebles El Pla Martorell.\" \/>\n<meta name=\"robots\" content=\"index, follow, max-snippet:-1, max-image-preview:large, max-video-preview:-1\" \/>\n<link rel=\"canonical\" href=\"https:\/\/mobleselpla.com\/es\/armarios\/\" \/>\n<meta property=\"og:locale\" content=\"es_ES\" \/>\n<meta property=\"og:type\" content=\"article\" \/>\n<meta property=\"og:title\" content=\"Armarios a Medida en Martorell | Puerta Batiente, Corredera o Vestidor\" \/>\n<meta property=\"og:description\" content=\"Encuentra el armario perfecto para tu espacio. Soluciones modulares, interiores a medida y dise\u00f1os funcionales en Muebles El Pla Martorell.\" \/>\n<meta property=\"og:url\" content=\"https:\/\/mobleselpla.com\/es\/armarios\/\" \/>\n<meta property=\"og:site_name\" content=\"Mobles el Pla\" \/>\n<meta property=\"article:modified_time\" content=\"2025-05-21T06:29:41+00:00\" \/>\n<meta name=\"twitter:card\" content=\"summary_large_image\" \/>\n<meta name=\"twitter:label1\" content=\"Tiempo de lectura\" \/>\n\t<meta name=\"twitter:data1\" content=\"2 minutos\" \/>\n<script type=\"application\/ld+json\" class=\"yoast-schema-graph\">{\"@context\":\"https:\/\/schema.org\",\"@graph\":[{\"@type\":\"WebPage\",\"@id\":\"https:\/\/mobleselpla.com\/es\/armarios\/\",\"url\":\"https:\/\/mobleselpla.com\/es\/armarios\/\",\"name\":\"Armarios a Medida en Martorell | Puerta Batiente, Corredera o Vestidor\",\"isPartOf\":{\"@id\":\"https:\/\/mobleselpla.com\/es\/#website\"},\"datePublished\":\"2025-05-06T09:18:37+00:00\",\"dateModified\":\"2025-05-21T06:29:41+00:00\",\"description\":\"Encuentra el armario perfecto para tu espacio. Soluciones modulares, interiores a medida y dise\u00f1os funcionales en Muebles El Pla Martorell.\",\"breadcrumb\":{\"@id\":\"https:\/\/mobleselpla.com\/es\/armarios\/#breadcrumb\"},\"inLanguage\":\"es\",\"potentialAction\":[{\"@type\":\"ReadAction\",\"target\":[\"https:\/\/mobleselpla.com\/es\/armarios\/\"]}]},{\"@type\":\"BreadcrumbList\",\"@id\":\"https:\/\/mobleselpla.com\/es\/armarios\/#breadcrumb\",\"itemListElement\":[{\"@type\":\"ListItem\",\"position\":1,\"name\":\"Portada\",\"item\":\"https:\/\/mobleselpla.com\/es\/\"},{\"@type\":\"ListItem\",\"position\":2,\"name\":\"Armarios\"}]},{\"@type\":\"WebSite\",\"@id\":\"https:\/\/mobleselpla.com\/es\/#website\",\"url\":\"https:\/\/mobleselpla.com\/es\/\",\"name\":\"Mobles el Pla\",\"description\":\"\",\"potentialAction\":[{\"@type\":\"SearchAction\",\"target\":{\"@type\":\"EntryPoint\",\"urlTemplate\":\"https:\/\/mobleselpla.com\/es\/?s={search_term_string}\"},\"query-input\":{\"@type\":\"PropertyValueSpecification\",\"valueRequired\":true,\"valueName\":\"search_term_string\"}}],\"inLanguage\":\"es\"}]}<\/script>\n<!-- \/ Yoast SEO plugin. -->","yoast_head_json":{"title":"Armarios a Medida en Martorell | Puerta Batiente, Corredera o Vestidor","description":"Encuentra el armario perfecto para tu espacio. Soluciones modulares, interiores a medida y dise\u00f1os funcionales en Muebles El Pla Martorell.","robots":{"index":"index","follow":"follow","max-snippet":"max-snippet:-1","max-image-preview":"max-image-preview:large","max-video-preview":"max-video-preview:-1"},"canonical":"https:\/\/mobleselpla.com\/es\/armarios\/","og_locale":"es_ES","og_type":"article","og_title":"Armarios a Medida en Martorell | Puerta Batiente, Corredera o Vestidor","og_description":"Encuentra el armario perfecto para tu espacio. Soluciones modulares, interiores a medida y dise\u00f1os funcionales en Muebles El Pla Martorell.","og_url":"https:\/\/mobleselpla.com\/es\/armarios\/","og_site_name":"Mobles el Pla","article_modified_time":"2025-05-21T06:29:41+00:00","twitter_card":"summary_large_image","twitter_misc":{"Tiempo de lectura":"2 minutos"},"schema":{"@context":"https:\/\/schema.org","@graph":[{"@type":"WebPage","@id":"https:\/\/mobleselpla.com\/es\/armarios\/","url":"https:\/\/mobleselpla.com\/es\/armarios\/","name":"Armarios a Medida en Martorell | Puerta Batiente, Corredera o Vestidor","isPartOf":{"@id":"https:\/\/mobleselpla.com\/es\/#website"},"datePublished":"2025-05-06T09:18:37+00:00","dateModified":"2025-05-21T06:29:41+00:00","description":"Encuentra el armario perfecto para tu espacio. Soluciones modulares, interiores a medida y dise\u00f1os funcionales en Muebles El Pla Martorell.","breadcrumb":{"@id":"https:\/\/mobleselpla.com\/es\/armarios\/#breadcrumb"},"inLanguage":"es","potentialAction":[{"@type":"ReadAction","target":["https:\/\/mobleselpla.com\/es\/armarios\/"]}]},{"@type":"BreadcrumbList","@id":"https:\/\/mobleselpla.com\/es\/armarios\/#breadcrumb","itemListElement":[{"@type":"ListItem","position":1,"name":"Portada","item":"https:\/\/mobleselpla.com\/es\/"},{"@type":"ListItem","position":2,"name":"Armarios"}]},{"@type":"WebSite","@id":"https:\/\/mobleselpla.com\/es\/#website","url":"https:\/\/mobleselpla.com\/es\/","name":"Mobles el Pla","description":"","potentialAction":[{"@type":"SearchAction","target":{"@type":"EntryPoint","urlTemplate":"https:\/\/mobleselpla.com\/es\/?s={search_term_string}"},"query-input":{"@type":"PropertyValueSpecification","valueRequired":true,"valueName":"search_term_string"}}],"inLanguage":"es"}]}},"_links":{"self":[{"href":"https:\/\/mobleselpla.com\/es\/wp-json\/wp\/v2\/pages\/987","targetHints":{"allow":["GET"]}}],"collection":[{"href":"https:\/\/mobleselpla.com\/es\/wp-json\/wp\/v2\/pages"}],"about":[{"href":"https:\/\/mobleselpla.com\/es\/wp-json\/wp\/v2\/types\/page"}],"author":[{"embeddable":true,"href":"https:\/\/mobleselpla.com\/es\/wp-json\/wp\/v2\/users\/1"}],"replies":[{"embeddable":true,"href":"https:\/\/mobleselpla.com\/es\/wp-json\/wp\/v2\/comments?post=987"}],"version-history":[{"count":9,"href":"https:\/\/mobleselpla.com\/es\/wp-json\/wp\/v2\/pages\/987\/revisions"}],"predecessor-version":[{"id":1163,"href":"https:\/\/mobleselpla.com\/es\/wp-json\/wp\/v2\/pages\/987\/revisions\/1163"}],"wp:attachment":[{"href":"https:\/\/mobleselpla.com\/es\/wp-json\/wp\/v2\/media?parent=987"}],"curies":[{"name":"wp","href":"https:\/\/api.w.org\/{rel}","templated":true}]}}