{"id":998,"date":"2025-05-06T12:59:38","date_gmt":"2025-05-06T10:59:38","guid":{"rendered":"https:\/\/mobleselpla.com\/tiendas\/"},"modified":"2025-05-15T12:19:32","modified_gmt":"2025-05-15T10:19:32","slug":"tiendas","status":"publish","type":"page","link":"https:\/\/mobleselpla.com\/es\/tiendas\/","title":{"rendered":"Tiendas"},"content":{"rendered":"<section class=\"l-section wpb_row us_custom_4f9f8b4e height_auto width_full\"><div class=\"l-section-h i-cf\"><div class=\"g-cols vc_row via_grid cols_1-2 laptops-cols_inherit tablets-cols_inherit mobiles-cols_1 valign_middle type_default stacking_default\" style=\"--columns-gap:3.6rem;\"><div class=\"wpb_column vc_column_container\"><div class=\"vc_column-inner\"><div class=\"w-image align_none\"><div class=\"w-image-h\"><img decoding=\"async\" width=\"900\" height=\"897\" src=\"https:\/\/mobleselpla.com\/wp-content\/uploads\/2025\/05\/botiga-mobles-el-pla-martorell.jpg\" class=\"attachment-large size-large\" alt=\"\" loading=\"lazy\" srcset=\"https:\/\/mobleselpla.com\/wp-content\/uploads\/2025\/05\/botiga-mobles-el-pla-martorell.jpg 900w, https:\/\/mobleselpla.com\/wp-content\/uploads\/2025\/05\/botiga-mobles-el-pla-martorell-300x300.jpg 300w, https:\/\/mobleselpla.com\/wp-content\/uploads\/2025\/05\/botiga-mobles-el-pla-martorell-150x150.jpg 150w\" sizes=\"auto, (max-width: 900px) 100vw, 900px\" \/><\/div><\/div><\/div><\/div><div class=\"wpb_column vc_column_container us_custom_21e055b1\"><div class=\"vc_column-inner\"><nav class=\"g-breadcrumbs us_custom_0259209c has_text_color separator_icon align_none\" itemscope itemtype=\"http:\/\/schema.org\/BreadcrumbList\"><div class=\"g-breadcrumbs-item\" itemscope itemprop=\"itemListElement\" itemtype=\"http:\/\/schema.org\/ListItem\"><a itemprop=\"item\" href=\"https:\/\/mobleselpla.com\/es\/\"><span itemprop=\"name\">Hombre<\/span><\/a><meta itemprop=\"position\" content=\"1\"\/><\/div><div class=\"g-breadcrumbs-separator\"><i class=\"far fa-angle-right\"><\/i><\/div><div class=\"g-breadcrumbs-item\">P\u00e1ginas<\/div><\/nav><h1 class=\"w-text us_custom_4c92c30f\"><span class=\"w-text-h\"><span class=\"w-text-value\">Tiendas<\/span><\/span><\/h1><div class=\"wpb_text_column us_custom_a5c88937\"><div class=\"wpb_wrapper\"><p>Dos tiendas en Martorell pensadas <strong>para inspirarte y asesorarte<\/strong><\/p>\n<\/div><\/div><div class=\"wpb_text_column us_custom_7e54f265\"><div class=\"wpb_wrapper\"><p>En <strong>Mobles el Pla<\/strong> queremos que te sientas como en casa desde el primer momento. Por eso disponemos de dos tiendas f\u00edsicas en Martorell, cada una especializada y con amplias zonas de exposici\u00f3n cuidadosamente dise\u00f1adas para que puedas ver, tocar e imaginar c\u00f3mo quedar\u00e1 tu futuro mobiliario en tu casa.<\/p>\n<\/div><\/div><\/div><\/div><\/div><\/div><\/section><section class=\"l-section wpb_row height_auto\"><div class=\"l-section-h i-cf\"><div class=\"g-cols vc_row via_grid cols_1 laptops-cols_inherit tablets-cols_inherit mobiles-cols_1 valign_top type_default stacking_default\"><div class=\"wpb_column vc_column_container us_custom_c76106f5\"><div class=\"vc_column-inner\"><div class=\"w-separator size_huge\"><\/div><div class=\"w-image align_center\"><div class=\"w-image-h\"><img decoding=\"async\" width=\"153\" height=\"82\" src=\"https:\/\/mobleselpla.com\/wp-content\/uploads\/2025\/04\/pla-mesa-e1745567528502.jpg\" class=\"attachment-large size-large\" alt=\"\" loading=\"lazy\" \/><\/div><\/div><h2 class=\"w-text us_custom_3f4f0c09\"><span class=\"w-text-h\"><span class=\"w-text-value\">50 a\u00f1os amueblando hogares con<br \/>\n dedicaci\u00f3n y pasi\u00f3n<\/span><\/span><\/h2><div class=\"wpb_text_column\"><div class=\"wpb_wrapper\"><p style=\"text-align: center;\">Con m\u00e1s de medio siglo de experiencia, seguimos innovando para ofrecer soluciones a medida para cada etapa de la vida. Mantenemos nuestro primer local como almac\u00e9n, y actualmente contamos con dos tiendas que responden a necesidades concretas: una especializada en <strong>mobiliario juvenil<\/strong> , y otra con una <strong>exposici\u00f3n diversa para toda la casa<\/strong> , desde comedores hasta habitaciones de matrimonio.<\/p>\n<p style=\"text-align: center;\">Te esperamos para ayudarte a crear el hogar que imaginas, con un trato cercano y un servicio completo.<\/p>\n<\/div><\/div><div class=\"w-separator size_large\"><\/div><\/div><\/div><\/div><\/div><\/section><section class=\"l-section wpb_row us_custom_e491ad69 height_auto width_full\"><div class=\"l-section-h i-cf\"><div class=\"g-cols vc_row via_grid cols_2 laptops-cols_inherit tablets-cols_inherit mobiles-cols_1 valign_middle type_default stacking_default\"><div class=\"wpb_column vc_column_container us_custom_49d1bb0a\"><div class=\"vc_column-inner\"><h2 class=\"w-text us_custom_a113e112\"><span class=\"w-text-h\"><span class=\"w-text-value\">MOBLES EL PLA<\/span><\/span><\/h2><h3 class=\"w-text us_custom_4c92c30f\"><span class=\"w-text-h\"><span class=\"w-text-value\">Mobiliario general<\/span><\/span><\/h3><div class=\"w-iconbox iconpos_left style_default color_primary align_left no_text\"><a target=\"_blank\" href=\"https:\/\/maps.app.goo.gl\/9Q3rm1fXFsSSTFKv8\" class=\"w-iconbox-link\" aria-label=\"Pasaje Josep Ros 4, Martorell\"><div class=\"w-iconbox-icon\" style=\"font-size:1rem;\"><i class=\"fal fa-map-marker-alt\"><\/i><\/div><\/a><div class=\"w-iconbox-meta\"><p class=\"w-iconbox-title\"><a target=\"_blank\" href=\"https:\/\/maps.app.goo.gl\/9Q3rm1fXFsSSTFKv8\" class=\"w-iconbox-link\" aria-label=\"Pasaje Josep Ros 4, Martorell\">Pasaje Josep Ros 4, Martorell<\/a><\/p><\/div><\/div><div class=\"w-iconbox us_custom_4127d55d iconpos_left style_default color_primary align_left no_text\"><a href=\"tel:93 776 62 44\" class=\"w-iconbox-link\" aria-label=\"93 776 62 44\"><div class=\"w-iconbox-icon\" style=\"font-size:1rem;\"><i class=\"fal fa-mobile-alt\"><\/i><\/div><\/a><div class=\"w-iconbox-meta\"><p class=\"w-iconbox-title\"><a href=\"tel:93 776 62 44\" class=\"w-iconbox-link\" aria-label=\"93 776 62 44\">93 776 62 44<\/a><\/p><\/div><\/div><div class=\"w-iconbox us_custom_4127d55d iconpos_left style_default color_primary align_left no_text\"><a href=\"mailto:mobleselpla@mobleselpla.com\" class=\"w-iconbox-link\" aria-label=\"mobleselpla@mobleselpla.com\"><div class=\"w-iconbox-icon\" style=\"font-size:1rem;\"><i class=\"fal fa-envelope\"><\/i><\/div><\/a><div class=\"w-iconbox-meta\"><p class=\"w-iconbox-title\"><a href=\"mailto:mobleselpla@mobleselpla.com\" class=\"w-iconbox-link\" aria-label=\"mobleselpla@mobleselpla.com\">mobleselpla@mobleselpla.com<\/a><\/p><\/div><\/div><div class=\"w-separator size_small\"><\/div><div class=\"w-iconbox us_custom_4127d55d iconpos_left style_default color_primary align_left no_title\"><div class=\"w-iconbox-icon\" style=\"font-size:1rem;\"><i class=\"fal fa-clock\"><\/i><\/div><div class=\"w-iconbox-meta\"><div class=\"w-iconbox-text\"><p><strong>Horarios:<\/strong><\/p>\n<\/div><\/div><\/div><div class=\"wpb_text_column\"><div class=\"wpb_wrapper\"><p>De lunes a viernes: de 10h. a 13h. y de 17h. a 20h.<br \/>\n S\u00e1bados: de 10h. a 13h.<\/p>\n<\/div><\/div><div class=\"wpb_text_column us_custom_2ae65f69\"><div class=\"wpb_wrapper\"><p>Desde recibidores, comedores y dormitorios de matrimonio, hasta sof\u00e1s, mesas y sillas. Ven y <strong>Siscu<\/strong> te ofrecer\u00e1 un asesoramiento personalizado para encontrar la mejor soluci\u00f3n para tu espacio. Con presupuestos a medida, sin compromiso y con toda experiencia de una empresa familiar.<\/p>\n<\/div><\/div><div class=\"w-hwrapper us_custom_2ae65f69 valign_top align_none\" style=\"--hwrapper-gap:2.4rem\"><div class=\"w-btn-wrapper align_none\"><a class=\"w-btn us-btn-style_4\" href=\"#contacto\"><span class=\"w-btn-label\">Contactar<\/span><\/a><\/div><div class=\"w-btn-wrapper align_none\"><a class=\"w-btn us-btn-style_4 icon_atleft\" target=\"_blank\" href=\"https:\/\/maps.app.goo.gl\/9Q3rm1fXFsSSTFKv8\"><i class=\"fal fa-map-marker-alt\"><\/i><span class=\"w-btn-label\">Mobles el Pla General<\/span><\/a><\/div><\/div><\/div><\/div><div class=\"wpb_column vc_column_container\"><div class=\"vc_column-inner\"><div class=\"w-image align_none\"><div class=\"w-image-h\"><img decoding=\"async\" width=\"960\" height=\"719\" src=\"https:\/\/mobleselpla.com\/wp-content\/uploads\/2025\/05\/mobles-el-pla-min.jpg\" class=\"attachment-large size-large\" alt=\"\" loading=\"lazy\" srcset=\"https:\/\/mobleselpla.com\/wp-content\/uploads\/2025\/05\/mobles-el-pla-min.jpg 960w, https:\/\/mobleselpla.com\/wp-content\/uploads\/2025\/05\/mobles-el-pla-min-300x225.jpg 300w\" sizes=\"auto, (max-width: 960px) 100vw, 960px\" \/><\/div><\/div><\/div><\/div><\/div><\/div><\/section><section class=\"l-section wpb_row us_custom_4f9f8b4e height_auto width_full\"><div class=\"l-section-h i-cf\"><div class=\"g-cols vc_row via_grid cols_2 laptops-cols_inherit tablets-cols_inherit mobiles-cols_1 valign_middle type_default reversed stacking_default\"><div class=\"wpb_column vc_column_container\"><div class=\"vc_column-inner\"><div class=\"w-image align_none\"><div class=\"w-image-h\"><img decoding=\"async\" width=\"960\" height=\"719\" src=\"https:\/\/mobleselpla.com\/wp-content\/uploads\/2025\/05\/moble-el-pla-juvenil.jpg\" class=\"attachment-large size-large\" alt=\"\" loading=\"lazy\" srcset=\"https:\/\/mobleselpla.com\/wp-content\/uploads\/2025\/05\/moble-el-pla-juvenil.jpg 960w, https:\/\/mobleselpla.com\/wp-content\/uploads\/2025\/05\/moble-el-pla-juvenil-300x225.jpg 300w\" sizes=\"auto, (max-width: 960px) 100vw, 960px\" \/><\/div><\/div><\/div><\/div><div class=\"wpb_column vc_column_container us_custom_49d1bb0a\"><div class=\"vc_column-inner\"><h2 class=\"w-text us_custom_e4836f8c\"><span class=\"w-text-h\"><span class=\"w-text-value\">MOBLES EL PLA JUVENIL<\/span><\/span><\/h2><h3 class=\"w-text us_custom_4c92c30f\"><span class=\"w-text-h\"><span class=\"w-text-value\">Mobiliario juvenil<\/span><\/span><\/h3><div class=\"w-iconbox iconpos_left style_default color_primary align_left no_text\"><a target=\"_blank\" href=\"https:\/\/maps.app.goo.gl\/FxpTzgCbbcG7SXGu9\" class=\"w-iconbox-link\" aria-label=\"Calle Pep Ventura 2, Martorell\"><div class=\"w-iconbox-icon\" style=\"font-size:1rem;\"><i class=\"fal fa-map-marker-alt\"><\/i><\/div><\/a><div class=\"w-iconbox-meta\"><p class=\"w-iconbox-title\"><a target=\"_blank\" href=\"https:\/\/maps.app.goo.gl\/FxpTzgCbbcG7SXGu9\" class=\"w-iconbox-link\" aria-label=\"Calle Pep Ventura 2, Martorell\">Calle Pep Ventura 2, Martorell<\/a><\/p><\/div><\/div><div class=\"w-iconbox us_custom_4127d55d iconpos_left style_default color_primary align_left no_text\"><a href=\"tel:93 775 05 90\" class=\"w-iconbox-link\" aria-label=\"93 775 05 90\"><div class=\"w-iconbox-icon\" style=\"font-size:1rem;\"><i class=\"fal fa-mobile-alt\"><\/i><\/div><\/a><div class=\"w-iconbox-meta\"><p class=\"w-iconbox-title\"><a href=\"tel:93 775 05 90\" class=\"w-iconbox-link\" aria-label=\"93 775 05 90\">93 775 05 90<\/a><\/p><\/div><\/div><div class=\"w-iconbox us_custom_4127d55d iconpos_left style_default color_primary align_left no_text\"><a href=\"mailto:juvenil@muebleselpla.com\" class=\"w-iconbox-link\" aria-label=\"juvenil@muebleselpla.com\"><div class=\"w-iconbox-icon\" style=\"font-size:1rem;\"><i class=\"fal fa-envelope\"><\/i><\/div><\/a><div class=\"w-iconbox-meta\"><p class=\"w-iconbox-title\"><a href=\"mailto:juvenil@muebleselpla.com\" class=\"w-iconbox-link\" aria-label=\"juvenil@muebleselpla.com\">juvenil@muebleselpla.com<\/a><\/p><\/div><\/div><div class=\"w-separator size_small\"><\/div><div class=\"w-iconbox us_custom_4127d55d iconpos_left style_default color_primary align_left no_title\"><div class=\"w-iconbox-icon\" style=\"font-size:1rem;\"><i class=\"fal fa-clock\"><\/i><\/div><div class=\"w-iconbox-meta\"><div class=\"w-iconbox-text\"><p><strong>Horarios:<\/strong><\/p>\n<\/div><\/div><\/div><div class=\"wpb_text_column\"><div class=\"wpb_wrapper\"><p>De lunes a viernes: de 10h. a 13h. y de 17h. a 20h.<br \/>\n S\u00e1bados: de 10h. a 13h.<\/p>\n<\/div><\/div><div class=\"wpb_text_column us_custom_2ae65f69\"><div class=\"wpb_wrapper\"><p>Aqu\u00ed encontrar\u00e1s soluciones creativas y funcionales para aprovechar al m\u00e1ximo cada espacio, adapt\u00e1ndonos a las cambiantes necesidades de los m\u00e1s j\u00f3venes. <strong>Ra\u00fcl<\/strong> te atender\u00e1 para realizar un estudio personalizado y encontrar la mejor combinaci\u00f3n de dise\u00f1o y funcionalidad. Soluciones que crecen con ellos, pensadas para durar.<\/p>\n<\/div><\/div><div class=\"w-hwrapper us_custom_2ae65f69 valign_top align_none\" style=\"--hwrapper-gap:2.4rem\"><div class=\"w-btn-wrapper align_none\"><a class=\"w-btn us-btn-style_4\" href=\"#contacto\"><span class=\"w-btn-label\">Contactar<\/span><\/a><\/div><div class=\"w-btn-wrapper align_none\"><a class=\"w-btn us-btn-style_4 icon_atleft\" href=\"https:\/\/maps.app.goo.gl\/FxpTzgCbbcG7SXGu9\"><i class=\"fal fa-map-marker-alt\"><\/i><span class=\"w-btn-label\">Mobles el Pla Juvenil<\/span><\/a><\/div><\/div><\/div><\/div><\/div><\/div><\/section><section class=\"l-section wpb_row height_medium\"><div class=\"l-section-h i-cf\"><div class=\"g-cols vc_row via_grid cols_1 laptops-cols_inherit tablets-cols_inherit mobiles-cols_1 valign_top type_default stacking_default\"><div class=\"wpb_column vc_column_container\"><div class=\"vc_column-inner\"><h2 class=\"w-text us_custom_3f4f0c09\"><span class=\"w-text-h\"><span class=\"w-text-value\">Donde nacen las grandes ideas<\/span><\/span><\/h2><div class=\"wpb_text_column\"><div class=\"wpb_wrapper\"><p style=\"text-align: center;\">Descubre d\u00f3nde encontrarnos y d\u00e9jate inspirar por nuestros espacios.<\/p>\n<p style=\"text-align: center;\">Te esperamos para empezar tu proyecto con ilusi\u00f3n y confianza.<\/p>\n<\/div><\/div><div class=\"w-separator size_medium\"><\/div><div class=\"w-image align_center\"><div class=\"w-image-h\"><img decoding=\"async\" width=\"977\" height=\"370\" src=\"https:\/\/mobleselpla.com\/wp-content\/uploads\/2025\/05\/moble-pla-map.png\" class=\"attachment-large size-large\" alt=\"\" loading=\"lazy\" srcset=\"https:\/\/mobleselpla.com\/wp-content\/uploads\/2025\/05\/moble-pla-map.png 977w, https:\/\/mobleselpla.com\/wp-content\/uploads\/2025\/05\/moble-pla-map-300x114.png 300w\" sizes=\"auto, (max-width: 977px) 100vw, 977px\" \/><\/div><\/div><\/div><\/div><\/div><\/div><\/section>\n","protected":false},"excerpt":{"rendered":"HombreP\u00e1ginasTiendasDos tiendas en Martorell pensadas para inspirarte y asesorarte En Mobles el Pla queremos que te sientas como en casa desde el primer momento. Por eso disponemos de dos tiendas f\u00edsicas en Martorell, cada una especializada y con amplias zonas de exposici\u00f3n cuidadosamente dise\u00f1adas para que puedas ver, tocar e imaginar c\u00f3mo quedar\u00e1 tu futuro...","protected":false},"author":1,"featured_media":0,"parent":0,"menu_order":0,"comment_status":"closed","ping_status":"closed","template":"","meta":{"footnotes":""},"class_list":["post-998","page","type-page","status-publish","hentry"],"yoast_head":"<!-- This site is optimized with the Yoast SEO plugin v27.1.1 - https:\/\/yoast.com\/product\/yoast-seo-wordpress\/ -->\n<title>Tiendas de muebles en Martorell | Visita Muebles El Pla<\/title>\n<meta name=\"description\" content=\"Conoce nuestras dos tiendas en Martorell: mobiliario general y juvenil con amplias exposiciones, asesoramiento personalizado y servicio de confianza.\" \/>\n<meta name=\"robots\" content=\"index, follow, max-snippet:-1, max-image-preview:large, max-video-preview:-1\" \/>\n<link rel=\"canonical\" href=\"https:\/\/mobleselpla.com\/es\/tiendas\/\" \/>\n<meta property=\"og:locale\" content=\"es_ES\" \/>\n<meta property=\"og:type\" content=\"article\" \/>\n<meta property=\"og:title\" content=\"Tiendas de muebles en Martorell | Visita Muebles El Pla\" \/>\n<meta property=\"og:description\" content=\"Conoce nuestras dos tiendas en Martorell: mobiliario general y juvenil con amplias exposiciones, asesoramiento personalizado y servicio de confianza.\" \/>\n<meta property=\"og:url\" content=\"https:\/\/mobleselpla.com\/es\/tiendas\/\" \/>\n<meta property=\"og:site_name\" content=\"Mobles el Pla\" \/>\n<meta property=\"article:modified_time\" content=\"2025-05-15T10:19:32+00:00\" \/>\n<meta name=\"twitter:card\" content=\"summary_large_image\" \/>\n<meta name=\"twitter:label1\" content=\"Tiempo de lectura\" \/>\n\t<meta name=\"twitter:data1\" content=\"6 minutos\" \/>\n<script type=\"application\/ld+json\" class=\"yoast-schema-graph\">{\"@context\":\"https:\/\/schema.org\",\"@graph\":[{\"@type\":\"WebPage\",\"@id\":\"https:\/\/mobleselpla.com\/es\/tiendas\/\",\"url\":\"https:\/\/mobleselpla.com\/es\/tiendas\/\",\"name\":\"Tiendas de muebles en Martorell | Visita Muebles El Pla\",\"isPartOf\":{\"@id\":\"https:\/\/mobleselpla.com\/es\/#website\"},\"datePublished\":\"2025-05-06T10:59:38+00:00\",\"dateModified\":\"2025-05-15T10:19:32+00:00\",\"description\":\"Conoce nuestras dos tiendas en Martorell: mobiliario general y juvenil con amplias exposiciones, asesoramiento personalizado y servicio de confianza.\",\"breadcrumb\":{\"@id\":\"https:\/\/mobleselpla.com\/es\/tiendas\/#breadcrumb\"},\"inLanguage\":\"es\",\"potentialAction\":[{\"@type\":\"ReadAction\",\"target\":[\"https:\/\/mobleselpla.com\/es\/tiendas\/\"]}]},{\"@type\":\"BreadcrumbList\",\"@id\":\"https:\/\/mobleselpla.com\/es\/tiendas\/#breadcrumb\",\"itemListElement\":[{\"@type\":\"ListItem\",\"position\":1,\"name\":\"Portada\",\"item\":\"https:\/\/mobleselpla.com\/es\/\"},{\"@type\":\"ListItem\",\"position\":2,\"name\":\"Tiendas\"}]},{\"@type\":\"WebSite\",\"@id\":\"https:\/\/mobleselpla.com\/es\/#website\",\"url\":\"https:\/\/mobleselpla.com\/es\/\",\"name\":\"Mobles el Pla\",\"description\":\"\",\"potentialAction\":[{\"@type\":\"SearchAction\",\"target\":{\"@type\":\"EntryPoint\",\"urlTemplate\":\"https:\/\/mobleselpla.com\/es\/?s={search_term_string}\"},\"query-input\":{\"@type\":\"PropertyValueSpecification\",\"valueRequired\":true,\"valueName\":\"search_term_string\"}}],\"inLanguage\":\"es\"}]}<\/script>\n<!-- \/ Yoast SEO plugin. -->","yoast_head_json":{"title":"Tiendas de muebles en Martorell | Visita Muebles El Pla","description":"Conoce nuestras dos tiendas en Martorell: mobiliario general y juvenil con amplias exposiciones, asesoramiento personalizado y servicio de confianza.","robots":{"index":"index","follow":"follow","max-snippet":"max-snippet:-1","max-image-preview":"max-image-preview:large","max-video-preview":"max-video-preview:-1"},"canonical":"https:\/\/mobleselpla.com\/es\/tiendas\/","og_locale":"es_ES","og_type":"article","og_title":"Tiendas de muebles en Martorell | Visita Muebles El Pla","og_description":"Conoce nuestras dos tiendas en Martorell: mobiliario general y juvenil con amplias exposiciones, asesoramiento personalizado y servicio de confianza.","og_url":"https:\/\/mobleselpla.com\/es\/tiendas\/","og_site_name":"Mobles el Pla","article_modified_time":"2025-05-15T10:19:32+00:00","twitter_card":"summary_large_image","twitter_misc":{"Tiempo de lectura":"6 minutos"},"schema":{"@context":"https:\/\/schema.org","@graph":[{"@type":"WebPage","@id":"https:\/\/mobleselpla.com\/es\/tiendas\/","url":"https:\/\/mobleselpla.com\/es\/tiendas\/","name":"Tiendas de muebles en Martorell | Visita Muebles El Pla","isPartOf":{"@id":"https:\/\/mobleselpla.com\/es\/#website"},"datePublished":"2025-05-06T10:59:38+00:00","dateModified":"2025-05-15T10:19:32+00:00","description":"Conoce nuestras dos tiendas en Martorell: mobiliario general y juvenil con amplias exposiciones, asesoramiento personalizado y servicio de confianza.","breadcrumb":{"@id":"https:\/\/mobleselpla.com\/es\/tiendas\/#breadcrumb"},"inLanguage":"es","potentialAction":[{"@type":"ReadAction","target":["https:\/\/mobleselpla.com\/es\/tiendas\/"]}]},{"@type":"BreadcrumbList","@id":"https:\/\/mobleselpla.com\/es\/tiendas\/#breadcrumb","itemListElement":[{"@type":"ListItem","position":1,"name":"Portada","item":"https:\/\/mobleselpla.com\/es\/"},{"@type":"ListItem","position":2,"name":"Tiendas"}]},{"@type":"WebSite","@id":"https:\/\/mobleselpla.com\/es\/#website","url":"https:\/\/mobleselpla.com\/es\/","name":"Mobles el Pla","description":"","potentialAction":[{"@type":"SearchAction","target":{"@type":"EntryPoint","urlTemplate":"https:\/\/mobleselpla.com\/es\/?s={search_term_string}"},"query-input":{"@type":"PropertyValueSpecification","valueRequired":true,"valueName":"search_term_string"}}],"inLanguage":"es"}]}},"_links":{"self":[{"href":"https:\/\/mobleselpla.com\/es\/wp-json\/wp\/v2\/pages\/998","targetHints":{"allow":["GET"]}}],"collection":[{"href":"https:\/\/mobleselpla.com\/es\/wp-json\/wp\/v2\/pages"}],"about":[{"href":"https:\/\/mobleselpla.com\/es\/wp-json\/wp\/v2\/types\/page"}],"author":[{"embeddable":true,"href":"https:\/\/mobleselpla.com\/es\/wp-json\/wp\/v2\/users\/1"}],"replies":[{"embeddable":true,"href":"https:\/\/mobleselpla.com\/es\/wp-json\/wp\/v2\/comments?post=998"}],"version-history":[{"count":1,"href":"https:\/\/mobleselpla.com\/es\/wp-json\/wp\/v2\/pages\/998\/revisions"}],"predecessor-version":[{"id":1001,"href":"https:\/\/mobleselpla.com\/es\/wp-json\/wp\/v2\/pages\/998\/revisions\/1001"}],"wp:attachment":[{"href":"https:\/\/mobleselpla.com\/es\/wp-json\/wp\/v2\/media?parent=998"}],"curies":[{"name":"wp","href":"https:\/\/api.w.org\/{rel}","templated":true}]}}